{"id":3194,"date":"2024-07-19T09:12:45","date_gmt":"2024-07-19T09:12:45","guid":{"rendered":"https:\/\/chaletsdomainedulac.com\/?page_id=3194"},"modified":"2026-01-25T19:08:09","modified_gmt":"2026-01-25T18:08:09","slug":"winter-in-xonrupt-langemer","status":"publish","type":"page","link":"https:\/\/chaletsdomainedulac.com\/nl\/hiver-a-xonrupt-longemer\/","title":{"rendered":"Winter in Xonrupt-Longemer"},"content":{"rendered":"<style>.elementor-3194 .elementor-element.elementor-element-103b4c51 > .elementor-background-overlay{background-color:var( --e-global-color-d9725cf );opacity:0.4;transition:background 0.3s, border-radius 0.3s, opacity 0.3s;}.elementor-3194 .elementor-element.elementor-element-103b4c51{transition:background 0.3s, border 0.3s, border-radius 0.3s, box-shadow 0.3s;margin-top:0px;margin-bottom:0px;padding:18em 0em 9em 0em;}.elementor-3194 .elementor-element.elementor-element-44b112ad:not(.elementor-motion-effects-element-type-background) > .elementor-widget-wrap, .elementor-3194 .elementor-element.elementor-element-44b112ad > .elementor-widget-wrap > .elementor-motion-effects-container > .elementor-motion-effects-layer{background-color:#B8B8B800;}.elementor-3194 .elementor-element.elementor-element-44b112ad > .elementor-element-populated{transition:background 0.3s, border 0.3s, border-radius 0.3s, box-shadow 0.3s;margin:0px 0px 0px 0px;--e-column-margin-right:0px;--e-column-margin-left:0px;padding:0% 0% 0% 0%;}.elementor-3194 .elementor-element.elementor-element-44b112ad > .elementor-element-populated > .elementor-background-overlay{transition:background 0.3s, border-radius 0.3s, opacity 0.3s;}.elementor-3194 .elementor-element.elementor-element-5fbd2d2c{z-index:1;}.elementor-bc-flex-widget .elementor-3194 .elementor-element.elementor-element-18b43e61.elementor-column .elementor-widget-wrap{align-items:center;}.elementor-3194 .elementor-element.elementor-element-18b43e61.elementor-column.elementor-element[data-element_type=\"column\"] > .elementor-widget-wrap.elementor-element-populated{align-content:center;align-items:center;}.elementor-3194 .elementor-element.elementor-element-18b43e61:not(.elementor-motion-effects-element-type-background) > .elementor-widget-wrap, .elementor-3194 .elementor-element.elementor-element-18b43e61 > .elementor-widget-wrap > .elementor-motion-effects-container > .elementor-motion-effects-layer{background-color:#D08E0200;}.elementor-3194 .elementor-element.elementor-element-18b43e61 > .elementor-element-populated, .elementor-3194 .elementor-element.elementor-element-18b43e61 > .elementor-element-populated > .elementor-background-overlay, .elementor-3194 .elementor-element.elementor-element-18b43e61 > .elementor-background-slideshow{border-radius:10px 10px 10px 10px;}.elementor-3194 .elementor-element.elementor-element-18b43e61 > .elementor-element-populated{box-shadow:0px 0px 64px 0px rgba(0,0,0,0.5);transition:background 0.3s, border 0.3s, border-radius 0.3s, box-shadow 0.3s;margin:80px 0px 0px 0px;--e-column-margin-right:0px;--e-column-margin-left:0px;padding:2em 2em 2em 2em;}.elementor-3194 .elementor-element.elementor-element-18b43e61 > .elementor-element-populated > .elementor-background-overlay{transition:background 0.3s, border-radius 0.3s, opacity 0.3s;}.elementor-3194 .elementor-element.elementor-element-18b43e61.elementor-column > .elementor-element-populated::before{content:\"\";width:100%;height:100%;position:absolute;left:0;top:0;-webkit-backdrop-filter:blur(6.3px);backdrop-filter:blur(6.3px);border-radius:inherit;background-color:inherit;}.elementor-3194 .elementor-element.elementor-element-7a159ca{text-align:center;}.elementor-3194 .elementor-element.elementor-element-7a159ca .elementor-heading-title{font-size:60px;color:#FFFFFF;}.elementor-3194 .elementor-element.elementor-element-daf10fd{text-align:center;}.elementor-3194 .elementor-element.elementor-element-daf10fd .elementor-heading-title{font-size:70px;}.elementor-3194 .elementor-element.elementor-element-ad7d2ed .elementor-wrapper{--video-aspect-ratio:1.77777;}.elementor-3194 .elementor-element.elementor-element-d0239d2{margin-top:75px;margin-bottom:75px;}.elementor-3194 .elementor-element.elementor-element-b85b916{font-size:20px;}.elementor-3194 .elementor-element.elementor-element-b85b916 > .elementor-widget-container{margin:0px 0px 0px 0px;}.elementor-3194 .elementor-element.elementor-element-87f3b40 > .elementor-widget-container{margin:-15px 0px 0px 0px;}.elementor-3194 .elementor-element.elementor-element-a3696d3 > .elementor-widget-container{margin:-15px 0px 0px 0px;}.elementor-3194 .elementor-element.elementor-element-b10c96e > .elementor-widget-container{margin:-15px 0px 0px 0px;}.elementor-3194 .elementor-element.elementor-element-ffbac0f > .elementor-widget-container{margin:-15px 0px 0px 0px;}.elementor-3194 .elementor-element.elementor-element-53d4b2b > .elementor-widget-container{margin:-15px 0px 0px 0px;}.elementor-3194 .elementor-element.elementor-element-9585097 > .elementor-widget-container{margin:-15px 0px 0px 0px;}.elementor-3194 .elementor-element.elementor-element-a4ccdbd .elementor-cta__content{text-align:center;}.elementor-3194 .elementor-element.elementor-element-a4ccdbd .elementor-cta__button{color:var( --e-global-color-e990a77 );background-color:var( --e-global-color-b8d5379 );}.elementor-3194 .elementor-element.elementor-element-a4ccdbd .elementor-cta .elementor-cta__bg, .elementor-3194 .elementor-element.elementor-element-a4ccdbd .elementor-cta .elementor-cta__bg-overlay{transition-duration:1500ms;}:root{--page-title-display:none;}@media(min-width:768px){.elementor-3194 .elementor-element.elementor-element-44b112ad{width:100%;}}@media(max-width:1024px){.elementor-3194 .elementor-element.elementor-element-103b4c51{margin-top:-399px;margin-bottom:29px;padding:18em 0em 0em 0em;}.elementor-3194 .elementor-element.elementor-element-44b112ad > .elementor-element-populated{padding:0px 10px 0px 10px;}.elementor-3194 .elementor-element.elementor-element-daf10fd .elementor-heading-title{font-size:40px;}}@media(max-width:767px){.elementor-3194 .elementor-element.elementor-element-103b4c51{margin-top:-432px;margin-bottom:0px;padding:27em 0em 5em 0em;}.elementor-3194 .elementor-element.elementor-element-7a159ca .elementor-heading-title{font-size:35px;}}<\/style>\t\t<div data-elementor-type=\"wp-page\" data-elementor-id=\"3194\" class=\"elementor elementor-3194\" data-elementor-post-type=\"page\">\n\t\t\t\t\t\t<section class=\"elementor-section elementor-top-section elementor-element elementor-element-103b4c51 elementor-section-full_width elementor-section-height-default elementor-section-height-default\" data-id=\"103b4c51\" data-element_type=\"section\" data-e-type=\"section\" data-settings=\"{&quot;background_background&quot;:&quot;slideshow&quot;,&quot;background_slideshow_gallery&quot;:[{&quot;id&quot;:4590,&quot;url&quot;:&quot;https:\\\/\\\/chaletsdomainedulac.com\\\/wp-content\\\/uploads\\\/2025\\\/12\\\/Pistes-ski-Gerardmer.jpeg&quot;}],&quot;background_slideshow_loop&quot;:&quot;yes&quot;,&quot;background_slideshow_slide_duration&quot;:5000,&quot;background_slideshow_slide_transition&quot;:&quot;fade&quot;,&quot;background_slideshow_transition_duration&quot;:500}\">\n\t\t\t\t\t\t\t<div class=\"elementor-background-overlay\"><\/div>\n\t\t\t\t\t\t\t<div class=\"elementor-container elementor-column-gap-no\">\n\t\t\t\t\t<div class=\"elementor-column elementor-col-100 elementor-top-column elementor-element elementor-element-44b112ad\" data-id=\"44b112ad\" data-element_type=\"column\" data-e-type=\"column\" data-settings=\"{&quot;background_background&quot;:&quot;classic&quot;}\">\n\t\t\t<div class=\"elementor-widget-wrap elementor-element-populated\">\n\t\t\t\t\t\t<section class=\"elementor-section elementor-inner-section elementor-element elementor-element-5fbd2d2c elementor-section-full_width elementor-section-height-default elementor-section-height-default\" data-id=\"5fbd2d2c\" data-element_type=\"section\" data-e-type=\"section\">\n\t\t\t\t\t\t<div class=\"elementor-container elementor-column-gap-no\">\n\t\t\t\t\t<div class=\"elementor-column elementor-col-100 elementor-inner-column elementor-element elementor-element-18b43e61\" data-id=\"18b43e61\" data-element_type=\"column\" data-e-type=\"column\" data-settings=\"{&quot;background_background&quot;:&quot;classic&quot;}\">\n\t\t\t<div class=\"elementor-widget-wrap elementor-element-populated\">\n\t\t\t\t\t\t<div class=\"elementor-element elementor-element-7a159ca elementor-widget elementor-widget-heading\" data-id=\"7a159ca\" data-element_type=\"widget\" data-e-type=\"widget\" data-widget_type=\"heading.default\">\n\t\t\t\t<div class=\"elementor-widget-container\">\n\t\t\t\t\t<div class=\"elementor-heading-title elementor-size-default\">Hiver \u00e0 Xonrupt-Longemer<\/div>\t\t\t\t<\/div>\n\t\t\t\t<\/div>\n\t\t\t\t\t<\/div>\n\t\t<\/div>\n\t\t\t\t\t<\/div>\n\t\t<\/section>\n\t\t\t\t\t<\/div>\n\t\t<\/div>\n\t\t\t\t\t<\/div>\n\t\t<\/section>\n\t\t\t\t<section class=\"elementor-section elementor-top-section elementor-element elementor-element-b78244b elementor-section-boxed elementor-section-height-default elementor-section-height-default\" data-id=\"b78244b\" data-element_type=\"section\" data-e-type=\"section\">\n\t\t\t\t\t\t<div class=\"elementor-container elementor-column-gap-default\">\n\t\t\t\t\t<div class=\"elementor-column elementor-col-100 elementor-top-column elementor-element elementor-element-ea485c6\" data-id=\"ea485c6\" data-element_type=\"column\" data-e-type=\"column\">\n\t\t\t<div class=\"elementor-widget-wrap elementor-element-populated\">\n\t\t\t\t\t\t<div class=\"elementor-element elementor-element-daf10fd elementor-widget elementor-widget-heading\" data-id=\"daf10fd\" data-element_type=\"widget\" data-e-type=\"widget\" data-widget_type=\"heading.default\">\n\t\t\t\t<div class=\"elementor-widget-container\">\n\t\t\t\t\t<h1 class=\"elementor-heading-title elementor-size-default\">Les Meilleures Activit\u00e9s \u00e0 faire l'Hiver \u00e0 Xonrupt-Longemer<\/h1>\t\t\t\t<\/div>\n\t\t\t\t<\/div>\n\t\t\t\t\t<\/div>\n\t\t<\/div>\n\t\t\t\t\t<\/div>\n\t\t<\/section>\n\t\t\t\t<section class=\"elementor-section elementor-top-section elementor-element elementor-element-7a4a876 elementor-section-boxed elementor-section-height-default elementor-section-height-default\" data-id=\"7a4a876\" data-element_type=\"section\" data-e-type=\"section\">\n\t\t\t\t\t\t<div class=\"elementor-container elementor-column-gap-default\">\n\t\t\t\t\t<div class=\"elementor-column elementor-col-100 elementor-top-column elementor-element elementor-element-f46568e\" data-id=\"f46568e\" data-element_type=\"column\" data-e-type=\"column\">\n\t\t\t<div class=\"elementor-widget-wrap elementor-element-populated\">\n\t\t\t\t\t\t<div class=\"elementor-element elementor-element-ad7d2ed elementor-widget elementor-widget-video\" data-id=\"ad7d2ed\" data-element_type=\"widget\" data-e-type=\"widget\" data-settings=\"{&quot;youtube_url&quot;:&quot;https:\\\/\\\/youtu.be\\\/mf-PKSEEvSc&quot;,&quot;video_type&quot;:&quot;youtube&quot;,&quot;controls&quot;:&quot;yes&quot;}\" data-widget_type=\"video.default\">\n\t\t\t\t<div class=\"elementor-widget-container\">\n\t\t\t\t\t\t\t<div class=\"elementor-wrapper elementor-open-inline\">\n\t\t\t<div class=\"elementor-video\"><\/div>\t\t<\/div>\n\t\t\t\t\t\t<\/div>\n\t\t\t\t<\/div>\n\t\t\t\t\t<\/div>\n\t\t<\/div>\n\t\t\t\t\t<\/div>\n\t\t<\/section>\n\t\t\t\t<section class=\"elementor-section elementor-top-section elementor-element elementor-element-d0239d2 elementor-section-boxed elementor-section-height-default elementor-section-height-default\" data-id=\"d0239d2\" data-element_type=\"section\" data-e-type=\"section\">\n\t\t\t\t\t\t<div class=\"elementor-container elementor-column-gap-default\">\n\t\t\t\t\t<div class=\"elementor-column elementor-col-100 elementor-top-column elementor-element elementor-element-6b7d2972\" data-id=\"6b7d2972\" data-element_type=\"column\" data-e-type=\"column\">\n\t\t\t<div class=\"elementor-widget-wrap elementor-element-populated\">\n\t\t\t\t\t\t<div class=\"elementor-element elementor-element-b85b916 elementor-widget elementor-widget-text-editor\" data-id=\"b85b916\" data-element_type=\"widget\" data-e-type=\"widget\" data-widget_type=\"text-editor.default\">\n\t\t\t\t<div class=\"elementor-widget-container\">\n\t\t\t\t\t\t\t\t\t<figure class=\"wp-block-gallery has-nested-images columns-default is-cropped\"><figure class=\"wp-block-image size-large\"><\/figure><\/figure><p>Xonrupt-Longemer, situ\u00e9 au c\u0153ur des Vosges, est une destination hivernale de choix qui ne perd rien de son charme une fois recouverte de neige. Avec ses paysages enneig\u00e9s et ses multiples activit\u00e9s, c\u2019est l\u2019endroit id\u00e9al pour les amateurs de sports d\u2019hiver et de vacances enneig\u00e9es. Voici un guide d\u00e9taill\u00e9 des meilleures activit\u00e9s \u00e0 faire en hiver \u00e0 Xonrupt-Longemer.<\/p>\t\t\t\t\t\t\t\t<\/div>\n\t\t\t\t<\/div>\n\t\t\t\t<div class=\"elementor-element elementor-element-b615926 elementor-align-center elementor-widget elementor-widget-button\" data-id=\"b615926\" data-element_type=\"widget\" data-e-type=\"widget\" data-widget_type=\"button.default\">\n\t\t\t\t<div class=\"elementor-widget-container\">\n\t\t\t\t\t\t\t\t\t<div class=\"elementor-button-wrapper\">\n\t\t\t\t\t<a class=\"elementor-button elementor-button-link elementor-size-sm\" href=\"https:\/\/chaletsdomainedulac.com\">\n\t\t\t\t\t\t<span class=\"elementor-button-content-wrapper\">\n\t\t\t\t\t\t\t\t\t<span class=\"elementor-button-text\">D\u00e9couvrez nos chalets en pleine nature<\/span>\n\t\t\t\t\t<\/span>\n\t\t\t\t\t<\/a>\n\t\t\t\t<\/div>\n\t\t\t\t\t\t\t\t<\/div>\n\t\t\t\t<\/div>\n\t\t\t\t<div class=\"elementor-element elementor-element-87f3b40 elementor-widget elementor-widget-text-editor\" data-id=\"87f3b40\" data-element_type=\"widget\" data-e-type=\"widget\" data-widget_type=\"text-editor.default\">\n\t\t\t\t<div class=\"elementor-widget-container\">\n\t\t\t\t\t\t\t\t\t<figure class=\"wp-block-gallery has-nested-images columns-default is-cropped\"><figure class=\"wp-block-image size-large\"><\/figure><\/figure><h4 class=\"wp-block-heading\"><strong style=\"color: var( --e-global-color-d9725cf );\">Le Ski de Fond<\/strong><\/h4><p>Pour ceux qui pr\u00e9f\u00e8rent une approche plus tranquille, les pistes de ski de fond traversent des paysages enneig\u00e9s spectaculaires, offrant des moments de pure d\u00e9tente. Xonrupt-Longemer dispose de plusieurs circuits adapt\u00e9s \u00e0 tous les niveaux de comp\u00e9tence. Le ski de fond est une excellente mani\u00e8re de profiter du calme de la nature tout en pratiquant une activit\u00e9 physique b\u00e9n\u00e9fique pour la sant\u00e9.<\/p><ul><li><strong>Points forts :<\/strong> Immersion dans la nature, faible impact sur les articulations, accessible \u00e0 tous<\/li><li><strong>Conseil :<\/strong> Habillez-vous en couches pour rester au chaud sans surchauffer pendant l\u2019effort.<\/li><\/ul>\t\t\t\t\t\t\t\t<\/div>\n\t\t\t\t<\/div>\n\t\t\t\t<div class=\"elementor-element elementor-element-a3696d3 elementor-widget elementor-widget-text-editor\" data-id=\"a3696d3\" data-element_type=\"widget\" data-e-type=\"widget\" data-widget_type=\"text-editor.default\">\n\t\t\t\t<div class=\"elementor-widget-container\">\n\t\t\t\t\t\t\t\t\t<figure class=\"wp-block-gallery has-nested-images columns-default is-cropped\"><figure class=\"wp-block-image size-large\"><\/figure><\/figure><h4 class=\"wp-block-heading\"><strong>Exploration des Sentiers Enneig\u00e9s<\/strong><\/h4><p>Explorer les sentiers enneig\u00e9s en raquettes est une aventure hivernale en pleine nature. C\u2019est une activit\u00e9 accessible \u00e0 tous, id\u00e9ale pour d\u00e9couvrir les environs \u00e0 un rythme plus lent. Les itin\u00e9raires balis\u00e9s autour de Xonrupt-Longemer vous m\u00e8neront \u00e0 travers des for\u00eats enneig\u00e9es et des panoramas \u00e9poustouflants.<\/p><ul><li><strong>Points forts :<\/strong> Facilit\u00e9 d\u2019acc\u00e8s, d\u00e9couverte des paysages hivernaux, activit\u00e9 familiale<\/li><li><strong>Conseil :<\/strong> Louez des raquettes sur place et demandez des recommandations d\u2019itin\u00e9raires aux locaux.<\/li><\/ul>\t\t\t\t\t\t\t\t<\/div>\n\t\t\t\t<\/div>\n\t\t\t\t<div class=\"elementor-element elementor-element-b10c96e elementor-widget elementor-widget-text-editor\" data-id=\"b10c96e\" data-element_type=\"widget\" data-e-type=\"widget\" data-widget_type=\"text-editor.default\">\n\t\t\t\t<div class=\"elementor-widget-container\">\n\t\t\t\t\t\t\t\t\t<figure class=\"wp-block-gallery has-nested-images columns-default is-cropped\">\n<figure class=\"wp-block-image size-large\"><\/figure>\n<\/figure>\n<h4 class=\"wp-block-heading\"><strong style=\"color: var( --e-global-color-d9725cf );\">Les Balades en Tra\u00eeneau \u00e0 Chiens&nbsp;<br><\/strong><\/h4>\n<p>Attention, nous ne sommes pas le prestataire pour cette activit\u00e9. Vivez une exp\u00e9rience unique en faisant une balade en tra\u00eeneau \u00e0 chiens (Guid\u00e9s par des mushers exp\u00e9riment\u00e9s, vous traverserez les paysages enneig\u00e9s des Vosges, tir\u00e9s par des chiens enthousiastes. Cette activit\u00e9 excitante ravira petits et grands et vous laissera des souvenirs inoubliables.<\/p>\n<ul>\n<li><strong>Points forts :<\/strong> Aventure inoubliable, connexion avec les animaux, paysages spectaculaires<\/li>\n<li><strong>Conseil :<\/strong> R\u00e9servez votre balade \u00e0 l\u2019avance, car cette activit\u00e9 est tr\u00e8s pris\u00e9e.<\/li>\n<\/ul>\t\t\t\t\t\t\t\t<\/div>\n\t\t\t\t<\/div>\n\t\t\t\t<div class=\"elementor-element elementor-element-ffbac0f elementor-widget elementor-widget-text-editor\" data-id=\"ffbac0f\" data-element_type=\"widget\" data-e-type=\"widget\" data-widget_type=\"text-editor.default\">\n\t\t\t\t<div class=\"elementor-widget-container\">\n\t\t\t\t\t\t\t\t\t<figure class=\"wp-block-gallery has-nested-images columns-default is-cropped\"><figure class=\"wp-block-image size-large\"><\/figure><\/figure><h4 class=\"wp-block-heading\"><strong>La Luge<\/strong><\/h4><div><p>Pour des moments de fun en famille, essayez les pistes de luge. Rires et sensations fortes garantis ! Les pistes de luge de Xonrupt-Longemer sont s\u00e9curis\u00e9es et adapt\u00e9es aux enfants, offrant un terrain de jeu id\u00e9al pour tous les \u00e2ges.<\/p><ul><li><strong>Points forts :<\/strong> Activit\u00e9 ludique, accessible \u00e0 tous, s\u00e9curit\u00e9 des pistes<\/li><li><strong>Conseil :<\/strong> Apportez un casque pour les plus petits pour plus de s\u00e9curit\u00e9.<\/li><\/ul><\/div>\t\t\t\t\t\t\t\t<\/div>\n\t\t\t\t<\/div>\n\t\t\t\t<div class=\"elementor-element elementor-element-53d4b2b elementor-widget elementor-widget-text-editor\" data-id=\"53d4b2b\" data-element_type=\"widget\" data-e-type=\"widget\" data-widget_type=\"text-editor.default\">\n\t\t\t\t<div class=\"elementor-widget-container\">\n\t\t\t\t\t\t\t\t\t<figure class=\"wp-block-gallery has-nested-images columns-default is-cropped\"><figure class=\"wp-block-image size-large\"><\/figure><\/figure><h4 class=\"wp-block-heading\"><strong>La Station de La Bresse-Hohneck<br \/><\/strong><\/h4><p>La <a href=\"https:\/\/labresse.labellemontagne.com\/fr\/\" target=\"_blank\" rel=\"noopener\">station de ski de La Bresse-Hohneck<\/a>, situ\u00e9e \u00e0 proximit\u00e9 de Xonrupt-Longemer, offre des pistes pour tous les niveaux. Avec ses 34 pistes r\u00e9parties sur 50 km, la station est parfaite pour les skieurs et snowboardeurs de tous \u00e2ges et comp\u00e9tences. Les d\u00e9butants peuvent prendre des cours dans l&rsquo;une des \u00e9coles de ski, tandis que les plus exp\u00e9riment\u00e9s peuvent se lancer sur des pistes plus techniques.<\/p><ul><li><strong>Points forts :<\/strong> Grande vari\u00e9t\u00e9 de pistes, cours de ski disponibles, paysages magnifiques<\/li><li><strong>Conseil :<\/strong> Pensez \u00e0 r\u00e9server votre mat\u00e9riel et vos forfaits \u00e0 l\u2019avance pour \u00e9viter les files d\u2019attente.<\/li><\/ul>\t\t\t\t\t\t\t\t<\/div>\n\t\t\t\t<\/div>\n\t\t\t\t\t<\/div>\n\t\t<\/div>\n\t\t\t\t\t<\/div>\n\t\t<\/section>\n\t\t\t\t<section class=\"elementor-section elementor-top-section elementor-element elementor-element-7181363 elementor-section-boxed elementor-section-height-default elementor-section-height-default\" data-id=\"7181363\" data-element_type=\"section\" data-e-type=\"section\">\n\t\t\t\t\t\t<div class=\"elementor-container elementor-column-gap-default\">\n\t\t\t\t\t<div class=\"elementor-column elementor-col-100 elementor-top-column elementor-element elementor-element-7663fe8\" data-id=\"7663fe8\" data-element_type=\"column\" data-e-type=\"column\">\n\t\t\t<div class=\"elementor-widget-wrap elementor-element-populated\">\n\t\t\t\t\t\t<div class=\"elementor-element elementor-element-42600f8 elementor-widget elementor-widget-image\" data-id=\"42600f8\" data-element_type=\"widget\" data-e-type=\"widget\" data-widget_type=\"image.default\">\n\t\t\t\t<div class=\"elementor-widget-container\">\n\t\t\t\t\t\t\t\t\t\t\t\t\t\t\t<img decoding=\"async\" src=\"https:\/\/chaletsdomainedulac.com\/wp-content\/uploads\/elementor\/thumbs\/Design-sans-titre-3-rhbeg5o869imjf0wxsnlg46xdu9p60j2regtvd9de8.jpg\" title=\"Design sans titre (3)\" alt=\"Design sans titre (3)\" loading=\"lazy\" \/>\t\t\t\t\t\t\t\t\t\t\t\t\t\t\t<\/div>\n\t\t\t\t<\/div>\n\t\t\t\t\t<\/div>\n\t\t<\/div>\n\t\t\t\t\t<\/div>\n\t\t<\/section>\n\t\t\t\t<section class=\"elementor-section elementor-top-section elementor-element elementor-element-383cdd7 elementor-section-boxed elementor-section-height-default elementor-section-height-default\" data-id=\"383cdd7\" data-element_type=\"section\" data-e-type=\"section\">\n\t\t\t\t\t\t<div class=\"elementor-container elementor-column-gap-default\">\n\t\t\t\t\t<div class=\"elementor-column elementor-col-100 elementor-top-column elementor-element elementor-element-74b4740\" data-id=\"74b4740\" data-element_type=\"column\" data-e-type=\"column\">\n\t\t\t<div class=\"elementor-widget-wrap elementor-element-populated\">\n\t\t\t\t\t\t<div class=\"elementor-element elementor-element-9585097 elementor-widget elementor-widget-text-editor\" data-id=\"9585097\" data-element_type=\"widget\" data-e-type=\"widget\" data-widget_type=\"text-editor.default\">\n\t\t\t\t<div class=\"elementor-widget-container\">\n\t\t\t\t\t\t\t\t\t<figure class=\"wp-block-gallery has-nested-images columns-default is-cropped\"><figure class=\"wp-block-image size-large\"><\/figure><\/figure><h4 class=\"wp-block-heading\"><strong>Conclusion<\/strong><\/h4><div><p>L\u2019hiver \u00e0 Xonrupt-Longemer est synonyme de plaisir et de d\u00e9couverte. Que vous soyez amateur de ski, de balades en raquettes, de tra\u00eeneau \u00e0 chiens ou de luge, vous trouverez une multitude d\u2019activit\u00e9s pour profiter pleinement de la saison hivernale. Apr\u00e8s une journ\u00e9e bien remplie, retournez vous reposer dans l\u2019un de nos <a href=\"https:\/\/chaletsdomainedulac.com\">chalets confortables<\/a> et profitez de la s\u00e9r\u00e9nit\u00e9 des Vosges. R\u00e9servez d\u00e8s maintenant votre s\u00e9jour et venez vivre des moments inoubliables \u00e0 Xonrupt-Longemer.<\/p><p>Profitez de la magie de l\u2019hiver \u00e0 Xonrupt-Longemer et d\u00e9couvrez tout ce que cette magnifique r\u00e9gion a \u00e0 offrir.<\/p><\/div>\t\t\t\t\t\t\t\t<\/div>\n\t\t\t\t<\/div>\n\t\t\t\t\t<\/div>\n\t\t<\/div>\n\t\t\t\t\t<\/div>\n\t\t<\/section>\n\t\t\t\t<section class=\"elementor-section elementor-top-section elementor-element elementor-element-6526f83 elementor-section-boxed elementor-section-height-default elementor-section-height-default\" data-id=\"6526f83\" data-element_type=\"section\" data-e-type=\"section\">\n\t\t\t\t\t\t<div class=\"elementor-container elementor-column-gap-default\">\n\t\t\t\t\t<div class=\"elementor-column elementor-col-100 elementor-top-column elementor-element elementor-element-ced5fcc\" data-id=\"ced5fcc\" data-element_type=\"column\" data-e-type=\"column\">\n\t\t\t<div class=\"elementor-widget-wrap elementor-element-populated\">\n\t\t\t\t\t\t<div class=\"elementor-element elementor-element-a4ccdbd elementor-cta--skin-classic elementor-animated-content elementor-bg-transform elementor-bg-transform-zoom-in elementor-widget elementor-widget-call-to-action\" data-id=\"a4ccdbd\" data-element_type=\"widget\" data-e-type=\"widget\" data-widget_type=\"call-to-action.default\">\n\t\t\t\t<div class=\"elementor-widget-container\">\n\t\t\t\t\t\t\t<div class=\"elementor-cta\">\n\t\t\t\t\t<div class=\"elementor-cta__bg-wrapper\">\n\t\t\t\t<div class=\"elementor-cta__bg elementor-bg\" style=\"background-image: url(https:\/\/chaletsdomainedulac.com\/wp-content\/uploads\/2025\/12\/Chalets-Domainedulac-Vosges-1024x683.jpg);\" role=\"img\" aria-label=\"Lac de G\u00e9rardmer au printemps\"><\/div>\n\t\t\t\t<div class=\"elementor-cta__bg-overlay\"><\/div>\n\t\t\t<\/div>\n\t\t\t\t\t\t\t<div class=\"elementor-cta__content\">\n\t\t\t\t\n\t\t\t\t\t\t\t\t\t<div class=\"elementor-cta__title elementor-cta__content-item elementor-content-item\">\n\t\t\t\t\t\tD\u00e9couvrez nos chalets \u00e0 la montagne\t\t\t\t\t<\/div>\n\t\t\t\t\n\t\t\t\t\t\t\t\t\t<div class=\"elementor-cta__description elementor-cta__content-item elementor-content-item\">\n\t\t\t\t\t\tChalets cosy dans les Vosges, pr\u00e8s des stations de G\u00e9rardmer et de La Bresse, de 1 \u00e0 12 personnes\t\t\t\t\t<\/div>\n\t\t\t\t\n\t\t\t\t\t\t\t\t\t<div class=\"elementor-cta__button-wrapper elementor-cta__content-item elementor-content-item \">\n\t\t\t\t\t<a class=\"elementor-cta__button elementor-button elementor-size-\" href=\"https:\/\/chaletsdomainedulac.com\/reservations\/\">\n\t\t\t\t\t\tC'EST ICI\t\t\t\t\t<\/a>\n\t\t\t\t\t<\/div>\n\t\t\t\t\t\t\t<\/div>\n\t\t\t\t\t\t<\/div>\n\t\t\t\t\t\t<\/div>\n\t\t\t\t<\/div>\n\t\t\t\t\t<\/div>\n\t\t<\/div>\n\t\t\t\t\t<\/div>\n\t\t<\/section>\n\t\t\t\t<\/div>\n\t\t","protected":false},"excerpt":{"rendered":"<p>Hiver \u00e0 Xonrupt-Longemer Les Meilleures Activit\u00e9s \u00e0 faire l&rsquo;Hiver \u00e0 Xonrupt-Longemer https:\/\/youtu.be\/mf-PKSEEvSc Xonrupt-Longemer, situ\u00e9 au c\u0153ur des Vosges, est une destination hivernale de choix qui ne perd rien de son charme une fois recouverte de neige. Avec ses paysages enneig\u00e9s et ses multiples activit\u00e9s, c\u2019est l\u2019endroit id\u00e9al pour les amateurs de sports d\u2019hiver et de [&hellip;]<\/p>\n","protected":false},"author":8,"featured_media":0,"parent":0,"menu_order":0,"comment_status":"closed","ping_status":"closed","template":"","meta":{"footnotes":""},"class_list":["post-3194","page","type-page","status-publish","hentry"],"_links":{"self":[{"href":"https:\/\/chaletsdomainedulac.com\/nl\/wp-json\/wp\/v2\/pages\/3194","targetHints":{"allow":["GET"]}}],"collection":[{"href":"https:\/\/chaletsdomainedulac.com\/nl\/wp-json\/wp\/v2\/pages"}],"about":[{"href":"https:\/\/chaletsdomainedulac.com\/nl\/wp-json\/wp\/v2\/types\/page"}],"author":[{"embeddable":true,"href":"https:\/\/chaletsdomainedulac.com\/nl\/wp-json\/wp\/v2\/users\/8"}],"replies":[{"embeddable":true,"href":"https:\/\/chaletsdomainedulac.com\/nl\/wp-json\/wp\/v2\/comments?post=3194"}],"version-history":[{"count":53,"href":"https:\/\/chaletsdomainedulac.com\/nl\/wp-json\/wp\/v2\/pages\/3194\/revisions"}],"predecessor-version":[{"id":5705,"href":"https:\/\/chaletsdomainedulac.com\/nl\/wp-json\/wp\/v2\/pages\/3194\/revisions\/5705"}],"wp:attachment":[{"href":"https:\/\/chaletsdomainedulac.com\/nl\/wp-json\/wp\/v2\/media?parent=3194"}],"curies":[{"name":"wp","href":"https:\/\/api.w.org\/{rel}","templated":true}]}}