{"id":3180,"date":"2024-07-19T08:58:01","date_gmt":"2024-07-19T08:58:01","guid":{"rendered":"https:\/\/chaletsdomainedulac.com\/?page_id=3180"},"modified":"2026-01-25T10:35:53","modified_gmt":"2026-01-25T09:35:53","slug":"loopt-in-xonrupt-longemer","status":"publish","type":"page","link":"https:\/\/chaletsdomainedulac.com\/nl\/randonnees-a-xonrupt-longemer\/","title":{"rendered":"Wandelen in Xonrupt-Longemer"},"content":{"rendered":"<style>.elementor-3180 .elementor-element.elementor-element-103b4c51 > .elementor-background-overlay{background-color:var( --e-global-color-d9725cf );opacity:0.4;transition:background 0.3s, border-radius 0.3s, opacity 0.3s;}.elementor-3180 .elementor-element.elementor-element-103b4c51{transition:background 0.3s, border 0.3s, border-radius 0.3s, box-shadow 0.3s;margin-top:0px;margin-bottom:0px;padding:18em 0em 9em 0em;}.elementor-3180 .elementor-element.elementor-element-44b112ad:not(.elementor-motion-effects-element-type-background) > .elementor-widget-wrap, .elementor-3180 .elementor-element.elementor-element-44b112ad > .elementor-widget-wrap > .elementor-motion-effects-container > .elementor-motion-effects-layer{background-color:#B8B8B800;}.elementor-3180 .elementor-element.elementor-element-44b112ad > .elementor-element-populated{transition:background 0.3s, border 0.3s, border-radius 0.3s, box-shadow 0.3s;margin:0px 0px 0px 0px;--e-column-margin-right:0px;--e-column-margin-left:0px;padding:0% 0% 0% 0%;}.elementor-3180 .elementor-element.elementor-element-44b112ad > .elementor-element-populated > .elementor-background-overlay{transition:background 0.3s, border-radius 0.3s, opacity 0.3s;}.elementor-3180 .elementor-element.elementor-element-5fbd2d2c{z-index:1;}.elementor-bc-flex-widget .elementor-3180 .elementor-element.elementor-element-18b43e61.elementor-column .elementor-widget-wrap{align-items:center;}.elementor-3180 .elementor-element.elementor-element-18b43e61.elementor-column.elementor-element[data-element_type=\"column\"] > .elementor-widget-wrap.elementor-element-populated{align-content:center;align-items:center;}.elementor-3180 .elementor-element.elementor-element-18b43e61:not(.elementor-motion-effects-element-type-background) > .elementor-widget-wrap, .elementor-3180 .elementor-element.elementor-element-18b43e61 > .elementor-widget-wrap > .elementor-motion-effects-container > .elementor-motion-effects-layer{background-color:#D08E0200;}.elementor-3180 .elementor-element.elementor-element-18b43e61 > .elementor-element-populated, .elementor-3180 .elementor-element.elementor-element-18b43e61 > .elementor-element-populated > .elementor-background-overlay, .elementor-3180 .elementor-element.elementor-element-18b43e61 > .elementor-background-slideshow{border-radius:10px 10px 10px 10px;}.elementor-3180 .elementor-element.elementor-element-18b43e61 > .elementor-element-populated{box-shadow:0px 0px 64px 0px rgba(0,0,0,0.5);transition:background 0.3s, border 0.3s, border-radius 0.3s, box-shadow 0.3s;margin:80px 0px 0px 0px;--e-column-margin-right:0px;--e-column-margin-left:0px;padding:2em 2em 2em 2em;}.elementor-3180 .elementor-element.elementor-element-18b43e61 > .elementor-element-populated > .elementor-background-overlay{transition:background 0.3s, border-radius 0.3s, opacity 0.3s;}.elementor-3180 .elementor-element.elementor-element-18b43e61.elementor-column > .elementor-element-populated::before{content:\"\";width:100%;height:100%;position:absolute;left:0;top:0;-webkit-backdrop-filter:blur(6.3px);backdrop-filter:blur(6.3px);border-radius:inherit;background-color:inherit;}.elementor-3180 .elementor-element.elementor-element-7a159ca{text-align:center;}.elementor-3180 .elementor-element.elementor-element-7a159ca .elementor-heading-title{color:#FFFFFF;}.elementor-3180 .elementor-element.elementor-element-d0239d2{margin-top:75px;margin-bottom:75px;}.elementor-3180 .elementor-element.elementor-element-b85b916 > .elementor-widget-container{margin:0px 0px 0px 0px;}.elementor-3180 .elementor-element.elementor-element-2abb812c > .elementor-widget-container{margin:-15px 0px 0px 0px;}.elementor-3180 .elementor-element.elementor-element-63f0d33 > .elementor-widget-container{margin:-15px 0px 0px 0px;}.elementor-3180 .elementor-element.elementor-element-a3696d3 > .elementor-widget-container{margin:-15px 0px 0px 0px;}.elementor-3180 .elementor-element.elementor-element-b10c96e > .elementor-widget-container{margin:-15px 0px 0px 0px;}.elementor-3180 .elementor-element.elementor-element-ffbac0f > .elementor-widget-container{margin:-15px 0px 0px 0px;}.elementor-3180 .elementor-element.elementor-element-8058a6d > .elementor-widget-container{margin:-15px 0px 0px 0px;}.elementor-3180 .elementor-element.elementor-element-10c7be3 .elementor-cta__content{text-align:center;}.elementor-3180 .elementor-element.elementor-element-10c7be3 .elementor-cta__title{font-size:36px;}.elementor-3180 .elementor-element.elementor-element-10c7be3 .elementor-cta__button{color:var( --e-global-color-e990a77 );background-color:var( --e-global-color-b8d5379 );}.elementor-3180 .elementor-element.elementor-element-10c7be3 .elementor-cta .elementor-cta__bg, .elementor-3180 .elementor-element.elementor-element-10c7be3 .elementor-cta .elementor-cta__bg-overlay{transition-duration:1500ms;}:root{--page-title-display:none;}@media(min-width:768px){.elementor-3180 .elementor-element.elementor-element-44b112ad{width:100%;}}@media(max-width:1024px){.elementor-3180 .elementor-element.elementor-element-103b4c51{margin-top:-399px;margin-bottom:29px;padding:18em 0em 0em 0em;}.elementor-3180 .elementor-element.elementor-element-44b112ad > .elementor-element-populated{padding:0px 10px 0px 10px;}}@media(max-width:767px){.elementor-3180 .elementor-element.elementor-element-103b4c51{margin-top:-432px;margin-bottom:0px;padding:27em 0em 5em 0em;}}<\/style>\t\t<div data-elementor-type=\"wp-page\" data-elementor-id=\"3180\" class=\"elementor elementor-3180\" data-elementor-post-type=\"page\">\n\t\t\t\t\t\t<section class=\"elementor-section elementor-top-section elementor-element elementor-element-103b4c51 elementor-section-full_width elementor-section-height-default elementor-section-height-default\" data-id=\"103b4c51\" data-element_type=\"section\" data-e-type=\"section\" data-settings=\"{&quot;background_background&quot;:&quot;slideshow&quot;,&quot;background_slideshow_gallery&quot;:[{&quot;id&quot;:4567,&quot;url&quot;:&quot;https:\\\/\\\/chaletsdomainedulac.com\\\/wp-content\\\/uploads\\\/2025\\\/12\\\/Chalets-Domainedulac-Vosges.jpg&quot;},{&quot;id&quot;:2740,&quot;url&quot;:&quot;https:\\\/\\\/chaletsdomainedulac.com\\\/wp-content\\\/uploads\\\/2024\\\/07\\\/sans_titre-134.jpg&quot;},{&quot;id&quot;:5134,&quot;url&quot;:&quot;https:\\\/\\\/chaletsdomainedulac.com\\\/wp-content\\\/uploads\\\/2026\\\/01\\\/Domainedulac-printemps.webp&quot;},{&quot;id&quot;:4590,&quot;url&quot;:&quot;https:\\\/\\\/chaletsdomainedulac.com\\\/wp-content\\\/uploads\\\/2025\\\/12\\\/Pistes-ski-Gerardmer.jpeg&quot;}],&quot;background_slideshow_loop&quot;:&quot;yes&quot;,&quot;background_slideshow_slide_duration&quot;:5000,&quot;background_slideshow_slide_transition&quot;:&quot;fade&quot;,&quot;background_slideshow_transition_duration&quot;:500}\">\n\t\t\t\t\t\t\t<div class=\"elementor-background-overlay\"><\/div>\n\t\t\t\t\t\t\t<div class=\"elementor-container elementor-column-gap-no\">\n\t\t\t\t\t<div class=\"elementor-column elementor-col-100 elementor-top-column elementor-element elementor-element-44b112ad\" data-id=\"44b112ad\" data-element_type=\"column\" data-e-type=\"column\" data-settings=\"{&quot;background_background&quot;:&quot;classic&quot;}\">\n\t\t\t<div class=\"elementor-widget-wrap elementor-element-populated\">\n\t\t\t\t\t\t<section class=\"elementor-section elementor-inner-section elementor-element elementor-element-5fbd2d2c elementor-section-full_width elementor-section-height-default elementor-section-height-default\" data-id=\"5fbd2d2c\" data-element_type=\"section\" data-e-type=\"section\">\n\t\t\t\t\t\t<div class=\"elementor-container elementor-column-gap-no\">\n\t\t\t\t\t<div class=\"elementor-column elementor-col-100 elementor-inner-column elementor-element elementor-element-18b43e61\" data-id=\"18b43e61\" data-element_type=\"column\" data-e-type=\"column\" data-settings=\"{&quot;background_background&quot;:&quot;classic&quot;}\">\n\t\t\t<div class=\"elementor-widget-wrap elementor-element-populated\">\n\t\t\t\t\t\t<div class=\"elementor-element elementor-element-7a159ca elementor-widget elementor-widget-heading\" data-id=\"7a159ca\" data-element_type=\"widget\" data-e-type=\"widget\" data-widget_type=\"heading.default\">\n\t\t\t\t<div class=\"elementor-widget-container\">\n\t\t\t\t\t<h2 class=\"elementor-heading-title elementor-size-default\">Randonn\u00e9es Xonrupt-Longemer<\/h2>\t\t\t\t<\/div>\n\t\t\t\t<\/div>\n\t\t\t\t\t<\/div>\n\t\t<\/div>\n\t\t\t\t\t<\/div>\n\t\t<\/section>\n\t\t\t\t\t<\/div>\n\t\t<\/div>\n\t\t\t\t\t<\/div>\n\t\t<\/section>\n\t\t\t\t<section class=\"elementor-section elementor-top-section elementor-element elementor-element-d0239d2 elementor-section-boxed elementor-section-height-default elementor-section-height-default\" data-id=\"d0239d2\" data-element_type=\"section\" data-e-type=\"section\">\n\t\t\t\t\t\t<div class=\"elementor-container elementor-column-gap-default\">\n\t\t\t\t\t<div class=\"elementor-column elementor-col-100 elementor-top-column elementor-element elementor-element-6b7d2972\" data-id=\"6b7d2972\" data-element_type=\"column\" data-e-type=\"column\">\n\t\t\t<div class=\"elementor-widget-wrap elementor-element-populated\">\n\t\t\t\t\t\t<div class=\"elementor-element elementor-element-8afefcd elementor-widget elementor-widget-heading\" data-id=\"8afefcd\" data-element_type=\"widget\" data-e-type=\"widget\" data-widget_type=\"heading.default\">\n\t\t\t\t<div class=\"elementor-widget-container\">\n\t\t\t\t\t<h2 class=\"elementor-heading-title elementor-size-default\"><h2>Les Meilleures Randonn\u00e9es \u00e0 Faire \u00e0 Xonrupt-Longemer\u200b<\/h2><\/h2>\t\t\t\t<\/div>\n\t\t\t\t<\/div>\n\t\t\t\t<div class=\"elementor-element elementor-element-42600f8 elementor-widget elementor-widget-image\" data-id=\"42600f8\" data-element_type=\"widget\" data-e-type=\"widget\" data-widget_type=\"image.default\">\n\t\t\t\t<div class=\"elementor-widget-container\">\n\t\t\t\t\t\t\t\t\t\t\t\t\t\t\t<img decoding=\"async\" src=\"https:\/\/chaletsdomainedulac.com\/wp-content\/uploads\/elementor\/thumbs\/Design-sans-titre-1-rhbegbb9b9qch2sq0v3cv2roy5hwg75gs6dqr110cw.jpg\" title=\"Design sans titre (1)\" alt=\"Design sans titre (1)\" loading=\"lazy\" \/>\t\t\t\t\t\t\t\t\t\t\t\t\t\t\t<\/div>\n\t\t\t\t<\/div>\n\t\t\t\t<div class=\"elementor-element elementor-element-b85b916 elementor-widget elementor-widget-text-editor\" data-id=\"b85b916\" data-element_type=\"widget\" data-e-type=\"widget\" data-widget_type=\"text-editor.default\">\n\t\t\t\t<div class=\"elementor-widget-container\">\n\t\t\t\t\t\t\t\t\t<figure class=\"wp-block-gallery has-nested-images columns-default is-cropped\"><\/figure><p>Xonrupt-Longemer, situ\u00e9 au c\u0153ur des Vosges, est une destination de r\u00eave pour les randonneurs. Avec ses sentiers bien entretenus, ses paysages \u00e0 couper le souffle et ses vues imprenables, cette r\u00e9gion offre des randonn\u00e9es pour tous les niveaux. Que vous soyez un randonneur d\u00e9butant ou exp\u00e9riment\u00e9, vous trouverez des parcours adapt\u00e9s \u00e0 vos envies. Voici une s\u00e9lection des meilleures randonn\u00e9es \u00e0 proximit\u00e9 imm\u00e9diate de nos <a href=\"https:\/\/chaletsdomainedulac.com\">chalets confortables \u00e0 louer \u00e0 Xonrupt-Longemer.<\/a><\/p>\t\t\t\t\t\t\t\t<\/div>\n\t\t\t\t<\/div>\n\t\t\t\t<div class=\"elementor-element elementor-element-2abb812c elementor-widget elementor-widget-text-editor\" data-id=\"2abb812c\" data-element_type=\"widget\" data-e-type=\"widget\" data-widget_type=\"text-editor.default\">\n\t\t\t\t<div class=\"elementor-widget-container\">\n\t\t\t\t\t\t\t\t\t<figure class=\"wp-block-gallery has-nested-images columns-default is-cropped\"><figure class=\"wp-block-image size-large\"><\/figure><\/figure><h4 class=\"wp-block-heading\"><strong>Le tour du lac de Longemer<br \/><\/strong><\/h4><p>Le tour du lac de Longemer est une randonn\u00e9e facile et agr\u00e9able, parfaite pour une sortie en famille. Ce parcours fait le tour du lac, vous permettant d&rsquo;admirer des panoramas exceptionnels sur l\u2019eau et les montagnes environnantes. Le sentier est bien balis\u00e9 et relativement plat, ce qui le rend accessible \u00e0 tous, y compris aux enfants et aux personnes moins habitu\u00e9es \u00e0 la marche. En chemin, vous pourrez vous arr\u00eater pour pique-niquer ou simplement profiter de la tranquillit\u00e9 des lieux.<\/p><ul><li><strong>Distance :<\/strong> Environ 6 km<\/li><li><strong>Dur\u00e9e :<\/strong> 1h30 \u00e0 2h<\/li><li><strong>Niveau :<\/strong> Facile<\/li><li><strong>Points forts :<\/strong> Vue sur le lac, ambiance paisible, accessible \u00e0 tous<\/li><\/ul>\t\t\t\t\t\t\t\t<\/div>\n\t\t\t\t<\/div>\n\t\t\t\t<div class=\"elementor-element elementor-element-63f0d33 elementor-widget elementor-widget-text-editor\" data-id=\"63f0d33\" data-element_type=\"widget\" data-e-type=\"widget\" data-widget_type=\"text-editor.default\">\n\t\t\t\t<div class=\"elementor-widget-container\">\n\t\t\t\t\t\t\t\t\t<figure class=\"wp-block-gallery has-nested-images columns-default is-cropped\"><figure class=\"wp-block-image size-large\"><\/figure><\/figure><h4 class=\"wp-block-heading\"><strong style=\"color: var( --e-global-color-d9725cf );\">La Cascade de Retournemer<\/strong><\/h4><p>Pour les amateurs de plein air, Xonrupt-Longemer est un v\u00e9ritable paradis. Les possibilit\u00e9s d&rsquo;activit\u00e9s sont nombreuses et vari\u00e9es :<\/p><ul><li><p><strong>Randonn\u00e9e :<\/strong> Profitez des sentiers balis\u00e9s pour d\u00e9couvrir les paysages enchanteurs des Vosges. Des randonn\u00e9es pour tous les niveaux vous attendent, des balades tranquilles autour des lacs aux ascensions plus sportives des sommets environnants.<\/p><\/li><li><p><strong>VTT :<\/strong> Les amateurs de v\u00e9lo trouveront des parcours adapt\u00e9s \u00e0 tous les niveaux, des pistes faciles aux itin\u00e9raires plus techniques \u00e0 travers les for\u00eats et les montagnes.<\/p><\/li><li><p><strong>Sports nautiques :<\/strong> En \u00e9t\u00e9, les lacs de Longemer et de G\u00e9rardmer sont parfaits pour la baignade, le kayak, le paddle et la p\u00eache. Les eaux claires et rafra\u00eechissantes offrent un cadre id\u00e9al pour se d\u00e9tendre et s&rsquo;amuser.<\/p><\/li><\/ul>\t\t\t\t\t\t\t\t<\/div>\n\t\t\t\t<\/div>\n\t\t\t\t<div class=\"elementor-element elementor-element-a3696d3 elementor-widget elementor-widget-text-editor\" data-id=\"a3696d3\" data-element_type=\"widget\" data-e-type=\"widget\" data-widget_type=\"text-editor.default\">\n\t\t\t\t<div class=\"elementor-widget-container\">\n\t\t\t\t\t\t\t\t\t<figure class=\"wp-block-gallery has-nested-images columns-default is-cropped\"><figure class=\"wp-block-image size-large\"><\/figure><\/figure><h4 class=\"wp-block-heading\"><strong>Le Hohneck<\/strong><\/h4><p>Pour les randonneurs exp\u00e9riment\u00e9s, l\u2019ascension du Hohneck est un d\u00e9fi \u00e0 relever. Ce sommet offre une vue panoramique spectaculaire sur les Vosges et m\u00eame les Alpes par temps clair. L&rsquo;itin\u00e9raire est exigeant, avec des sections raides et des passages rocailleux, mais la r\u00e9compense en vaut la peine. C&rsquo;est une aventure \u00e0 ne pas manquer pour les amateurs de d\u00e9fis.<\/p><ul><li><strong>Distance :<\/strong> Environ 14 km (aller-retour)<\/li><li><strong>Dur\u00e9e :<\/strong> 5h \u00e0 6h<\/li><li><strong>Niveau :<\/strong> Difficile<\/li><li><strong>Points forts :<\/strong> Vue panoramique, d\u00e9fi sportif, paysages vari\u00e9s<\/li><\/ul>\t\t\t\t\t\t\t\t<\/div>\n\t\t\t\t<\/div>\n\t\t\t\t<div class=\"elementor-element elementor-element-a758ad2 elementor-align-center elementor-widget elementor-widget-button\" data-id=\"a758ad2\" data-element_type=\"widget\" data-e-type=\"widget\" data-widget_type=\"button.default\">\n\t\t\t\t<div class=\"elementor-widget-container\">\n\t\t\t\t\t\t\t\t\t<div class=\"elementor-button-wrapper\">\n\t\t\t\t\t<a class=\"elementor-button elementor-button-link elementor-size-sm\" href=\"https:\/\/chaletsdomainedulac.com\">\n\t\t\t\t\t\t<span class=\"elementor-button-content-wrapper\">\n\t\t\t\t\t\t\t\t\t<span class=\"elementor-button-text\">apr\u00e8s l'effort, le r\u00e9confort: d\u00e9couvrez nos chalets au coeur des vosges<\/span>\n\t\t\t\t\t<\/span>\n\t\t\t\t\t<\/a>\n\t\t\t\t<\/div>\n\t\t\t\t\t\t\t\t<\/div>\n\t\t\t\t<\/div>\n\t\t\t\t<div class=\"elementor-element elementor-element-b10c96e elementor-widget elementor-widget-text-editor\" data-id=\"b10c96e\" data-element_type=\"widget\" data-e-type=\"widget\" data-widget_type=\"text-editor.default\">\n\t\t\t\t<div class=\"elementor-widget-container\">\n\t\t\t\t\t\t\t\t\t<figure class=\"wp-block-gallery has-nested-images columns-default is-cropped\"><figure class=\"wp-block-image size-large\"><\/figure><\/figure><h4 class=\"wp-block-heading\"><strong style=\"color: var( --e-global-color-d9725cf );\">Le Sentier des Roches<\/strong><\/h4><p>Le Sentier des Roches est l&rsquo;une des randonn\u00e9es les plus techniques de la r\u00e9gion. Ce parcours vous fait traverser des formations rocheuses impressionnantes et offre des points de vue incroyables sur les vall\u00e9es environnantes. C&rsquo;est une randonn\u00e9e dynamique et enrichissante, id\u00e9ale pour ceux qui cherchent une exp\u00e9rience plus intense.<\/p><ul><li><strong>Distance :<\/strong> Environ 8 km (aller-retour)<\/li><li><strong>Dur\u00e9e :<\/strong> 3h \u00e0 4h<\/li><li><strong>Niveau :<\/strong> Difficile<\/li><li><strong>Points forts :<\/strong> Formations rocheuses, vues spectaculaires, randonn\u00e9e technique<\/li><\/ul>\t\t\t\t\t\t\t\t<\/div>\n\t\t\t\t<\/div>\n\t\t\t\t<div class=\"elementor-element elementor-element-ffbac0f elementor-widget elementor-widget-text-editor\" data-id=\"ffbac0f\" data-element_type=\"widget\" data-e-type=\"widget\" data-widget_type=\"text-editor.default\">\n\t\t\t\t<div class=\"elementor-widget-container\">\n\t\t\t\t\t\t\t\t\t<figure class=\"wp-block-gallery has-nested-images columns-default is-cropped\"><figure class=\"wp-block-image size-large\"><\/figure><\/figure><h4 class=\"wp-block-heading\"><strong>Les Hautes Chaumes<\/strong><\/h4><div><p>La randonn\u00e9e des Hautes Chaumes vous m\u00e8ne \u00e0 travers des prairies d&rsquo;altitude, o\u00f9 vous pourrez d\u00e9couvrir une flore et une faune uniques. Ce sentier offre une belle occasion de d\u00e9couvrir la biodiversit\u00e9 locale et d&rsquo;appr\u00e9cier des vues d\u00e9gag\u00e9es sur les montagnes. Le parcours est mod\u00e9r\u00e9, avec quelques mont\u00e9es, mais reste accessible \u00e0 la plupart des randonneurs.<\/p><ul><li><strong>Distance :<\/strong> Environ 10 km<\/li><li><strong>Dur\u00e9e :<\/strong> 4h \u00e0 5h<\/li><li><strong>Niveau :<\/strong> Mod\u00e9r\u00e9<\/li><li><strong>Points forts :<\/strong> Prairies d&rsquo;altitude, biodiversit\u00e9, vues d\u00e9gag\u00e9es<\/li><\/ul><\/div>\t\t\t\t\t\t\t\t<\/div>\n\t\t\t\t<\/div>\n\t\t\t\t<div class=\"elementor-element elementor-element-8058a6d elementor-widget elementor-widget-text-editor\" data-id=\"8058a6d\" data-element_type=\"widget\" data-e-type=\"widget\" data-widget_type=\"text-editor.default\">\n\t\t\t\t<div class=\"elementor-widget-container\">\n\t\t\t\t\t\t\t\t\t<figure class=\"wp-block-gallery has-nested-images columns-default is-cropped\"><figure class=\"wp-block-image size-large\"><\/figure><\/figure><h4 class=\"wp-block-heading\"><strong>Conclusion<\/strong><\/h4><div><p>Xonrupt-Longemer est un v\u00e9ritable paradis pour les randonneurs. Que vous soyez \u00e0 la recherche de promenades tranquilles autour des lacs ou de d\u00e9fis en montagne, cette r\u00e9gion a de quoi satisfaire toutes vos envies. N&rsquo;oubliez pas de vous \u00e9quiper correctement, de v\u00e9rifier la m\u00e9t\u00e9o et de respecter l&rsquo;environnement pour profiter pleinement de ces magnifiques randonn\u00e9es. Venez d\u00e9couvrir les tr\u00e9sors naturels des Vosges et laissez-vous envo\u00fbter par la beaut\u00e9 de Xonrupt-Longemer.<\/p><\/div>\t\t\t\t\t\t\t\t<\/div>\n\t\t\t\t<\/div>\n\t\t\t\t\t<\/div>\n\t\t<\/div>\n\t\t\t\t\t<\/div>\n\t\t<\/section>\n\t\t\t\t<section class=\"elementor-section elementor-top-section elementor-element elementor-element-3ec9525 elementor-section-boxed elementor-section-height-default elementor-section-height-default\" data-id=\"3ec9525\" data-element_type=\"section\" data-e-type=\"section\">\n\t\t\t\t\t\t<div class=\"elementor-container elementor-column-gap-default\">\n\t\t\t\t\t<div class=\"elementor-column elementor-col-100 elementor-top-column elementor-element elementor-element-4fa33d7\" data-id=\"4fa33d7\" data-element_type=\"column\" data-e-type=\"column\">\n\t\t\t<div class=\"elementor-widget-wrap elementor-element-populated\">\n\t\t\t\t\t\t<div class=\"elementor-element elementor-element-10c7be3 elementor-cta--skin-classic elementor-animated-content elementor-bg-transform elementor-bg-transform-zoom-in elementor-widget elementor-widget-call-to-action\" data-id=\"10c7be3\" data-element_type=\"widget\" data-e-type=\"widget\" data-widget_type=\"call-to-action.default\">\n\t\t\t\t<div class=\"elementor-widget-container\">\n\t\t\t\t\t\t\t<div class=\"elementor-cta\">\n\t\t\t\t\t<div class=\"elementor-cta__bg-wrapper\">\n\t\t\t\t<div class=\"elementor-cta__bg elementor-bg\" style=\"background-image: url(https:\/\/chaletsdomainedulac.com\/wp-content\/uploads\/2025\/12\/Chalets-Domainedulac-Vosges-1024x683.jpg);\" role=\"img\" aria-label=\"Lac de G\u00e9rardmer au printemps\"><\/div>\n\t\t\t\t<div class=\"elementor-cta__bg-overlay\"><\/div>\n\t\t\t<\/div>\n\t\t\t\t\t\t\t<div class=\"elementor-cta__content\">\n\t\t\t\t\n\t\t\t\t\t\t\t\t\t<div class=\"elementor-cta__title elementor-cta__content-item elementor-content-item\">\n\t\t\t\t\t\tD\u00e9couvrez nos chalets au cour des montagnes vosgiennes\t\t\t\t\t<\/div>\n\t\t\t\t\n\t\t\t\t\t\t\t\t\t<div class=\"elementor-cta__description elementor-cta__content-item elementor-content-item\">\n\t\t\t\t\t\tChalets cosy et familiaux - pr\u00e8s de G\u00e9rardmer - de 1 \u00e0 12 personnes\t\t\t\t\t<\/div>\n\t\t\t\t\n\t\t\t\t\t\t\t\t\t<div class=\"elementor-cta__button-wrapper elementor-cta__content-item elementor-content-item \">\n\t\t\t\t\t<a class=\"elementor-cta__button elementor-button elementor-size-\" href=\"https:\/\/chaletsdomainedulac.com\/reservations\/\">\n\t\t\t\t\t\tC'EST ICI\t\t\t\t\t<\/a>\n\t\t\t\t\t<\/div>\n\t\t\t\t\t\t\t<\/div>\n\t\t\t\t\t\t<\/div>\n\t\t\t\t\t\t<\/div>\n\t\t\t\t<\/div>\n\t\t\t\t\t<\/div>\n\t\t<\/div>\n\t\t\t\t\t<\/div>\n\t\t<\/section>\n\t\t\t\t<\/div>\n\t\t","protected":false},"excerpt":{"rendered":"<p>Randonn\u00e9es Xonrupt-Longemer Les Meilleures Randonn\u00e9es \u00e0 Faire \u00e0 Xonrupt-Longemer\u200b Xonrupt-Longemer, situ\u00e9 au c\u0153ur des Vosges, est une destination de r\u00eave pour les randonneurs. Avec ses sentiers bien entretenus, ses paysages \u00e0 couper le souffle et ses vues imprenables, cette r\u00e9gion offre des randonn\u00e9es pour tous les niveaux. Que vous soyez un randonneur d\u00e9butant ou exp\u00e9riment\u00e9, [&hellip;]<\/p>\n","protected":false},"author":8,"featured_media":0,"parent":0,"menu_order":0,"comment_status":"closed","ping_status":"closed","template":"","meta":{"footnotes":""},"class_list":["post-3180","page","type-page","status-publish","hentry"],"_links":{"self":[{"href":"https:\/\/chaletsdomainedulac.com\/nl\/wp-json\/wp\/v2\/pages\/3180","targetHints":{"allow":["GET"]}}],"collection":[{"href":"https:\/\/chaletsdomainedulac.com\/nl\/wp-json\/wp\/v2\/pages"}],"about":[{"href":"https:\/\/chaletsdomainedulac.com\/nl\/wp-json\/wp\/v2\/types\/page"}],"author":[{"embeddable":true,"href":"https:\/\/chaletsdomainedulac.com\/nl\/wp-json\/wp\/v2\/users\/8"}],"replies":[{"embeddable":true,"href":"https:\/\/chaletsdomainedulac.com\/nl\/wp-json\/wp\/v2\/comments?post=3180"}],"version-history":[{"count":22,"href":"https:\/\/chaletsdomainedulac.com\/nl\/wp-json\/wp\/v2\/pages\/3180\/revisions"}],"predecessor-version":[{"id":5665,"href":"https:\/\/chaletsdomainedulac.com\/nl\/wp-json\/wp\/v2\/pages\/3180\/revisions\/5665"}],"wp:attachment":[{"href":"https:\/\/chaletsdomainedulac.com\/nl\/wp-json\/wp\/v2\/media?parent=3180"}],"curies":[{"name":"wp","href":"https:\/\/api.w.org\/{rel}","templated":true}]}}