{"id":2825,"date":"2024-07-16T10:30:10","date_gmt":"2024-07-16T10:30:10","guid":{"rendered":"https:\/\/chaletsdomainedulac.com\/?page_id=2825"},"modified":"2026-01-25T19:16:08","modified_gmt":"2026-01-25T18:16:08","slug":"de-omgeving","status":"publish","type":"page","link":"https:\/\/chaletsdomainedulac.com\/nl\/les-alentours\/","title":{"rendered":"Omgeving"},"content":{"rendered":"<style>.elementor-2825 .elementor-element.elementor-element-103b4c51 > .elementor-background-overlay{background-color:var( --e-global-color-d9725cf );opacity:0.4;transition:background 0.3s, border-radius 0.3s, opacity 0.3s;}.elementor-2825 .elementor-element.elementor-element-103b4c51{transition:background 0.3s, border 0.3s, border-radius 0.3s, box-shadow 0.3s;margin-top:0px;margin-bottom:0px;padding:18em 0em 9em 0em;}.elementor-2825 .elementor-element.elementor-element-44b112ad:not(.elementor-motion-effects-element-type-background) > .elementor-widget-wrap, .elementor-2825 .elementor-element.elementor-element-44b112ad > .elementor-widget-wrap > .elementor-motion-effects-container > .elementor-motion-effects-layer{background-color:#B8B8B800;}.elementor-2825 .elementor-element.elementor-element-44b112ad > .elementor-element-populated{transition:background 0.3s, border 0.3s, border-radius 0.3s, box-shadow 0.3s;margin:0px 0px 0px 0px;--e-column-margin-right:0px;--e-column-margin-left:0px;padding:0% 0% 0% 0%;}.elementor-2825 .elementor-element.elementor-element-44b112ad > .elementor-element-populated > .elementor-background-overlay{transition:background 0.3s, border-radius 0.3s, opacity 0.3s;}.elementor-2825 .elementor-element.elementor-element-5fbd2d2c{z-index:1;}.elementor-bc-flex-widget .elementor-2825 .elementor-element.elementor-element-18b43e61.elementor-column .elementor-widget-wrap{align-items:center;}.elementor-2825 .elementor-element.elementor-element-18b43e61.elementor-column.elementor-element[data-element_type=\"column\"] > .elementor-widget-wrap.elementor-element-populated{align-content:center;align-items:center;}.elementor-2825 .elementor-element.elementor-element-18b43e61:not(.elementor-motion-effects-element-type-background) > .elementor-widget-wrap, .elementor-2825 .elementor-element.elementor-element-18b43e61 > .elementor-widget-wrap > .elementor-motion-effects-container > .elementor-motion-effects-layer{background-color:#D08E0200;}.elementor-2825 .elementor-element.elementor-element-18b43e61 > .elementor-element-populated, .elementor-2825 .elementor-element.elementor-element-18b43e61 > .elementor-element-populated > .elementor-background-overlay, .elementor-2825 .elementor-element.elementor-element-18b43e61 > .elementor-background-slideshow{border-radius:10px 10px 10px 10px;}.elementor-2825 .elementor-element.elementor-element-18b43e61 > .elementor-element-populated{box-shadow:0px 0px 64px 0px rgba(0,0,0,0.5);transition:background 0.3s, border 0.3s, border-radius 0.3s, box-shadow 0.3s;margin:80px 0px 0px 0px;--e-column-margin-right:0px;--e-column-margin-left:0px;padding:2em 2em 2em 2em;}.elementor-2825 .elementor-element.elementor-element-18b43e61 > .elementor-element-populated > .elementor-background-overlay{transition:background 0.3s, border-radius 0.3s, opacity 0.3s;}.elementor-2825 .elementor-element.elementor-element-18b43e61.elementor-column > .elementor-element-populated::before{content:\"\";width:100%;height:100%;position:absolute;left:0;top:0;-webkit-backdrop-filter:blur(6.3px);backdrop-filter:blur(6.3px);border-radius:inherit;background-color:inherit;}.elementor-2825 .elementor-element.elementor-element-7a159ca{text-align:center;}.elementor-2825 .elementor-element.elementor-element-7a159ca .elementor-heading-title{font-size:57px;color:#FFFFFF;}.elementor-2825 .elementor-element.elementor-element-d0239d2{margin-top:75px;margin-bottom:75px;}.elementor-2825 .elementor-element.elementor-element-8afefcd .elementor-heading-title{font-size:36px;}.elementor-2825 .elementor-element.elementor-element-2abb812c > .elementor-widget-container{margin:0px 0px 0px 0px;}.elementor-2825 .elementor-element.elementor-element-63f0d33 > .elementor-widget-container{margin:-15px 0px 0px 0px;}.elementor-2825 .elementor-element.elementor-element-a3696d3 > .elementor-widget-container{margin:-15px 0px 0px 0px;}.elementor-2825 .elementor-element.elementor-element-b10c96e > .elementor-widget-container{margin:-15px 0px 0px 0px;}.elementor-2825 .elementor-element.elementor-element-ffbac0f > .elementor-widget-container{margin:-15px 0px 0px 0px;}.elementor-2825 .elementor-element.elementor-element-aeb8402 .elementor-wrapper{--video-aspect-ratio:1.77777;}.elementor-2825 .elementor-element.elementor-element-820f99c{--divider-border-style:solid;--divider-color:#000;--divider-border-width:1px;}.elementor-2825 .elementor-element.elementor-element-820f99c .elementor-divider-separator{width:100%;}.elementor-2825 .elementor-element.elementor-element-820f99c .elementor-divider{padding-block-start:15px;padding-block-end:15px;}.elementor-2825 .elementor-element.elementor-element-d3507a4 .elementor-cta__content{text-align:center;}.elementor-2825 .elementor-element.elementor-element-d3507a4 .elementor-cta__button{color:var( --e-global-color-e990a77 );background-color:var( --e-global-color-b8d5379 );}.elementor-2825 .elementor-element.elementor-element-d3507a4 .elementor-cta .elementor-cta__bg, .elementor-2825 .elementor-element.elementor-element-d3507a4 .elementor-cta .elementor-cta__bg-overlay{transition-duration:1500ms;}:root{--page-title-display:none;}@media(min-width:768px){.elementor-2825 .elementor-element.elementor-element-44b112ad{width:100%;}}@media(max-width:1024px){.elementor-2825 .elementor-element.elementor-element-103b4c51{margin-top:-399px;margin-bottom:29px;padding:18em 0em 0em 0em;}.elementor-2825 .elementor-element.elementor-element-44b112ad > .elementor-element-populated{padding:0px 10px 0px 10px;}}@media(max-width:767px){.elementor-2825 .elementor-element.elementor-element-103b4c51{margin-top:-432px;margin-bottom:0px;padding:27em 0em 5em 0em;}}<\/style>\t\t<div data-elementor-type=\"wp-page\" data-elementor-id=\"2825\" class=\"elementor elementor-2825\" data-elementor-post-type=\"page\">\n\t\t\t\t\t\t<section class=\"elementor-section elementor-top-section elementor-element elementor-element-103b4c51 elementor-section-full_width elementor-section-height-default elementor-section-height-default\" data-id=\"103b4c51\" data-element_type=\"section\" data-e-type=\"section\" data-settings=\"{&quot;background_background&quot;:&quot;slideshow&quot;,&quot;background_slideshow_gallery&quot;:[{&quot;id&quot;:4567,&quot;url&quot;:&quot;https:\\\/\\\/chaletsdomainedulac.com\\\/wp-content\\\/uploads\\\/2025\\\/12\\\/Chalets-Domainedulac-Vosges.jpg&quot;},{&quot;id&quot;:4583,&quot;url&quot;:&quot;https:\\\/\\\/chaletsdomainedulac.com\\\/wp-content\\\/uploads\\\/2025\\\/12\\\/Chalets-Domainedulac-Gerardmer.jpeg&quot;},{&quot;id&quot;:5134,&quot;url&quot;:&quot;https:\\\/\\\/chaletsdomainedulac.com\\\/wp-content\\\/uploads\\\/2026\\\/01\\\/Domainedulac-printemps.webp&quot;},{&quot;id&quot;:4590,&quot;url&quot;:&quot;https:\\\/\\\/chaletsdomainedulac.com\\\/wp-content\\\/uploads\\\/2025\\\/12\\\/Pistes-ski-Gerardmer.jpeg&quot;}],&quot;background_slideshow_loop&quot;:&quot;yes&quot;,&quot;background_slideshow_slide_duration&quot;:5000,&quot;background_slideshow_slide_transition&quot;:&quot;fade&quot;,&quot;background_slideshow_transition_duration&quot;:500}\">\n\t\t\t\t\t\t\t<div class=\"elementor-background-overlay\"><\/div>\n\t\t\t\t\t\t\t<div class=\"elementor-container elementor-column-gap-no\">\n\t\t\t\t\t<div class=\"elementor-column elementor-col-100 elementor-top-column elementor-element elementor-element-44b112ad\" data-id=\"44b112ad\" data-element_type=\"column\" data-e-type=\"column\" data-settings=\"{&quot;background_background&quot;:&quot;classic&quot;}\">\n\t\t\t<div class=\"elementor-widget-wrap elementor-element-populated\">\n\t\t\t\t\t\t<section class=\"elementor-section elementor-inner-section elementor-element elementor-element-5fbd2d2c elementor-section-full_width elementor-section-height-default elementor-section-height-default\" data-id=\"5fbd2d2c\" data-element_type=\"section\" data-e-type=\"section\">\n\t\t\t\t\t\t<div class=\"elementor-container elementor-column-gap-no\">\n\t\t\t\t\t<div class=\"elementor-column elementor-col-100 elementor-inner-column elementor-element elementor-element-18b43e61\" data-id=\"18b43e61\" data-element_type=\"column\" data-e-type=\"column\" data-settings=\"{&quot;background_background&quot;:&quot;classic&quot;}\">\n\t\t\t<div class=\"elementor-widget-wrap elementor-element-populated\">\n\t\t\t\t\t\t<div class=\"elementor-element elementor-element-7a159ca elementor-widget elementor-widget-heading\" data-id=\"7a159ca\" data-element_type=\"widget\" data-e-type=\"widget\" data-widget_type=\"heading.default\">\n\t\t\t\t<div class=\"elementor-widget-container\">\n\t\t\t\t\t<h1 class=\"elementor-heading-title elementor-size-default\">Les alentours<\/h1>\t\t\t\t<\/div>\n\t\t\t\t<\/div>\n\t\t\t\t\t<\/div>\n\t\t<\/div>\n\t\t\t\t\t<\/div>\n\t\t<\/section>\n\t\t\t\t\t<\/div>\n\t\t<\/div>\n\t\t\t\t\t<\/div>\n\t\t<\/section>\n\t\t\t\t<section class=\"elementor-section elementor-top-section elementor-element elementor-element-d0239d2 elementor-section-boxed elementor-section-height-default elementor-section-height-default\" data-id=\"d0239d2\" data-element_type=\"section\" data-e-type=\"section\">\n\t\t\t\t\t\t<div class=\"elementor-container elementor-column-gap-default\">\n\t\t\t\t\t<div class=\"elementor-column elementor-col-100 elementor-top-column elementor-element elementor-element-6b7d2972\" data-id=\"6b7d2972\" data-element_type=\"column\" data-e-type=\"column\">\n\t\t\t<div class=\"elementor-widget-wrap elementor-element-populated\">\n\t\t\t\t\t\t<div class=\"elementor-element elementor-element-8afefcd elementor-widget elementor-widget-heading\" data-id=\"8afefcd\" data-element_type=\"widget\" data-e-type=\"widget\" data-widget_type=\"heading.default\">\n\t\t\t\t<div class=\"elementor-widget-container\">\n\t\t\t\t\t<h2 class=\"elementor-heading-title elementor-size-default\"><h2>D\u00e9couvrir Xonrupt-Longemer et Gerb\u00e9pal: un paradis naturel au coeur des Vosges<\/h2><\/h2>\t\t\t\t<\/div>\n\t\t\t\t<\/div>\n\t\t\t\t<div class=\"elementor-element elementor-element-42600f8 elementor-widget elementor-widget-image\" data-id=\"42600f8\" data-element_type=\"widget\" data-e-type=\"widget\" data-widget_type=\"image.default\">\n\t\t\t\t<div class=\"elementor-widget-container\">\n\t\t\t\t\t\t\t\t\t\t\t\t\t\t\t<img decoding=\"async\" src=\"https:\/\/chaletsdomainedulac.com\/wp-content\/uploads\/elementor\/thumbs\/IMG_0712-scaled-rhf53awp32w6pc9y0i1mugf83pb1cad06jlci8cky8.jpg\" title=\"IMG_0712\" alt=\"IMG_0712\" loading=\"lazy\" \/>\t\t\t\t\t\t\t\t\t\t\t\t\t\t\t<\/div>\n\t\t\t\t<\/div>\n\t\t\t\t<div class=\"elementor-element elementor-element-2abb812c elementor-widget elementor-widget-text-editor\" data-id=\"2abb812c\" data-element_type=\"widget\" data-e-type=\"widget\" data-widget_type=\"text-editor.default\">\n\t\t\t\t<div class=\"elementor-widget-container\">\n\t\t\t\t\t\t\t\t\t<figure class=\"wp-block-gallery has-nested-images columns-default is-cropped\">\n<figure class=\"wp-block-image size-large\"><\/figure>\n<\/figure>\n<h4 class=\"wp-block-heading\"><strong>D\u00e9couvrez des paysages \u00e9poustouflants:<\/strong><\/h4>\n<p>Xonrupt-Longemer et Gerb\u00e9pal sont situ\u00e9s au c\u0153ur des Vosges, une r\u00e9gion r\u00e9put\u00e9e pour ses paysages \u00e0 couper le souffle. Les for\u00eats verdoyantes, les montagnes majestueuses et les magnifiques lacs, tels que Longemer et G\u00e9rardmer, cr\u00e9ent un d\u00e9cor idyllique pour vos vacances. Les sentiers de randonn\u00e9e bien balis\u00e9s vous invitent \u00e0 explorer cette nature pr\u00e9serv\u00e9e, offrant des panoramas \u00e0 chaque tournant. Que vous soyez un amoureux de la nature ou un photographe passionn\u00e9, vous serez \u00e9merveill\u00e9 par la beaut\u00e9 de ces lieux.<\/p>\t\t\t\t\t\t\t\t<\/div>\n\t\t\t\t<\/div>\n\t\t\t\t<div class=\"elementor-element elementor-element-63f0d33 elementor-widget elementor-widget-text-editor\" data-id=\"63f0d33\" data-element_type=\"widget\" data-e-type=\"widget\" data-widget_type=\"text-editor.default\">\n\t\t\t\t<div class=\"elementor-widget-container\">\n\t\t\t\t\t\t\t\t\t<figure class=\"wp-block-gallery has-nested-images columns-default is-cropped\"><figure class=\"wp-block-image size-large\"><\/figure><\/figure><h4 class=\"wp-block-heading\"><strong style=\"color: var( --e-global-color-d9725cf );\">Des activit\u00e9s de plein air:<\/strong><\/h4><p>Pour les amateurs de plein air, Xonrupt-Longemer est un v\u00e9ritable paradis. Les possibilit\u00e9s d&rsquo;activit\u00e9s sont nombreuses et vari\u00e9es :<\/p><ul><li><p><strong>Randonn\u00e9e :<\/strong> Profitez des sentiers balis\u00e9s pour d\u00e9couvrir les paysages enchanteurs des Vosges. Des <a href=\"https:\/\/www.visorando.com\/randonnee-massif-des-vosges.html\" target=\"_blank\" rel=\"noopener\">randonn\u00e9es<\/a> pour tous les niveaux vous attendent, des balades tranquilles autour des lacs aux ascensions plus sportives des sommets environnants.<\/p><\/li><li><p><strong>VTT :<\/strong> Les amateurs de v\u00e9lo trouveront des parcours adapt\u00e9s \u00e0 tous les niveaux, des pistes faciles aux itin\u00e9raires plus techniques \u00e0 travers les for\u00eats et les montagnes.<\/p><\/li><li><p><strong>Sports nautiques :<\/strong> En \u00e9t\u00e9, les lacs de Longemer et de G\u00e9rardmer sont parfaits pour la baignade, le kayak, le paddle et la p\u00eache. Les eaux claires et rafra\u00eechissantes offrent un cadre id\u00e9al pour se d\u00e9tendre et s&rsquo;amuser.<\/p><\/li><\/ul>\t\t\t\t\t\t\t\t<\/div>\n\t\t\t\t<\/div>\n\t\t\t\t<div class=\"elementor-element elementor-element-a3696d3 elementor-widget elementor-widget-text-editor\" data-id=\"a3696d3\" data-element_type=\"widget\" data-e-type=\"widget\" data-widget_type=\"text-editor.default\">\n\t\t\t\t<div class=\"elementor-widget-container\">\n\t\t\t\t\t\t\t\t\t<figure class=\"wp-block-gallery has-nested-images columns-default is-cropped\"><figure class=\"wp-block-image size-large\"><\/figure><\/figure><h4 class=\"wp-block-heading\"><strong>Des chalets confortables et familiaux:<\/strong><\/h4><p>Pour votre s\u00e9jour, optez pour l&rsquo;un de nos chalets confortables et familiaux, situ\u00e9s \u00e0 proximit\u00e9 des principales attractions. Nos h\u00e9bergements vous offrent tout le confort moderne, tout en \u00e9tant immerg\u00e9s dans la nature. Apr\u00e8s une journ\u00e9e d&rsquo;activit\u00e9s, vous appr\u00e9cierez de vous relaxer dans un cadre paisible et ressour\u00e7ant.<\/p><p>\u00a0<\/p>\t\t\t\t\t\t\t\t<\/div>\n\t\t\t\t<\/div>\n\t\t\t\t<div class=\"elementor-element elementor-element-f6e98d4 elementor-align-center elementor-widget elementor-widget-button\" data-id=\"f6e98d4\" data-element_type=\"widget\" data-e-type=\"widget\" data-widget_type=\"button.default\">\n\t\t\t\t<div class=\"elementor-widget-container\">\n\t\t\t\t\t\t\t\t\t<div class=\"elementor-button-wrapper\">\n\t\t\t\t\t<a class=\"elementor-button elementor-button-link elementor-size-sm\" href=\"https:\/\/chaletsdomainedulac.com\">\n\t\t\t\t\t\t<span class=\"elementor-button-content-wrapper\">\n\t\t\t\t\t\t\t\t\t<span class=\"elementor-button-text\">D\u00e9couvrez nos chalets \u00e0 XONRUPT-LONGEMER<\/span>\n\t\t\t\t\t<\/span>\n\t\t\t\t\t<\/a>\n\t\t\t\t<\/div>\n\t\t\t\t\t\t\t\t<\/div>\n\t\t\t\t<\/div>\n\t\t\t\t<div class=\"elementor-element elementor-element-b10c96e elementor-widget elementor-widget-text-editor\" data-id=\"b10c96e\" data-element_type=\"widget\" data-e-type=\"widget\" data-widget_type=\"text-editor.default\">\n\t\t\t\t<div class=\"elementor-widget-container\">\n\t\t\t\t\t\t\t\t\t<figure class=\"wp-block-gallery has-nested-images columns-default is-cropped\"><figure class=\"wp-block-image size-large\"><\/figure><\/figure><h4 class=\"wp-block-heading\"><strong style=\"color: var( --e-global-color-d9725cf );\">La gastronomie locale<\/strong><\/h4><p>Ne manquez pas de d\u00e9couvrir la gastronomie locale lors de votre visite. Les sp\u00e9cialit\u00e9s culinaires vosgiennes raviront vos papilles :<\/p><ul><li><p><strong>La tourte :<\/strong> Un plat traditionnel compos\u00e9 de p\u00e2te feuillet\u00e9e et de viande, parfait pour un repas r\u00e9confortant.<\/p><\/li><li><p><strong>Le munster :<\/strong> Ce fromage \u00e0 p\u00e2te molle au go\u00fbt prononc\u00e9 est un incontournable de la r\u00e9gion.<\/p><\/li><li><p><strong>La tarte aux brimbelles :<\/strong> Une d\u00e9licieuse tarte aux myrtilles sauvages, typique des Vosges.<\/p><\/li><\/ul>\t\t\t\t\t\t\t\t<\/div>\n\t\t\t\t<\/div>\n\t\t\t\t<div class=\"elementor-element elementor-element-ffbac0f elementor-widget elementor-widget-text-editor\" data-id=\"ffbac0f\" data-element_type=\"widget\" data-e-type=\"widget\" data-widget_type=\"text-editor.default\">\n\t\t\t\t<div class=\"elementor-widget-container\">\n\t\t\t\t\t\t\t\t\t<figure class=\"wp-block-gallery has-nested-images columns-default is-cropped\"><figure class=\"wp-block-image size-large\"><\/figure><\/figure><h4 class=\"wp-block-heading\"><strong>Les \u00e9v\u00e9nements et festivals<\/strong><\/h4><div>\u00a0<span style=\"color: var( --e-global-color-8bc0ed0 );\">Tout au long de l\u2019ann\u00e9e, Xonrupt-Longemer et G\u00e9rardmer accueillent divers <a href=\"https:\/\/gerardmer.net\" target=\"_blank\" rel=\"noopener\">\u00e9v\u00e9nements culturels et festifs<\/a>. Ces manifestations offrent une immersion authentique dans la vie locale :<\/span><\/div><ul><li><p><strong>Le Festival du Film Fantastique de G\u00e9rardmer :<\/strong> Un \u00e9v\u00e9nement incontournable pour les amateurs de cin\u00e9ma, avec des projections de films, des rencontres avec des r\u00e9alisateurs et des animations.<\/p><\/li><li><p><strong>Les march\u00e9s de No\u00ebl :<\/strong> En hiver, les march\u00e9s de No\u00ebl de la r\u00e9gion vous plongent dans une ambiance f\u00e9erique, avec des stands d\u2019artisanat, des d\u00e9gustations de produits locaux et des animations pour toute la famille.<\/p><\/li><li><p><strong>Les f\u00eates de la nature :<\/strong> Participez aux diff\u00e9rentes f\u00eates et manifestations organis\u00e9es pour c\u00e9l\u00e9brer la nature et l\u2019environnement. Randonn\u00e9es guid\u00e9es, ateliers et conf\u00e9rences sont au programme.<\/p><\/li><\/ul><p>En conclusion, Xonrupt-Longemer et Gerb\u00e9pal, o\u00f9 sont nich\u00e9s nos<a href=\"https:\/\/chaletsdomainedulac.com\"> chalets familiaux et cosy<\/a>, offrent une multitude d&rsquo;activit\u00e9s et de d\u00e9couvertes pour toute la famille. Que vous soyez en qu\u00eate d&rsquo;aventure, de d\u00e9tente ou de culture, vous trouverez de quoi satisfaire toutes vos envies dans ce coin enchanteur des Vosges. R\u00e9servez d\u00e8s maintenant votre s\u00e9jour et venez profiter de tout ce que cette magnifique r\u00e9gion a \u00e0 offrir.<\/p>\t\t\t\t\t\t\t\t<\/div>\n\t\t\t\t<\/div>\n\t\t\t\t\t<\/div>\n\t\t<\/div>\n\t\t\t\t\t<\/div>\n\t\t<\/section>\n\t\t\t\t<section class=\"elementor-section elementor-top-section elementor-element elementor-element-ce2dda8 elementor-section-boxed elementor-section-height-default elementor-section-height-default\" data-id=\"ce2dda8\" data-element_type=\"section\" data-e-type=\"section\">\n\t\t\t\t\t\t<div class=\"elementor-container elementor-column-gap-default\">\n\t\t\t\t\t<div class=\"elementor-column elementor-col-100 elementor-top-column elementor-element elementor-element-66fc3e1\" data-id=\"66fc3e1\" data-element_type=\"column\" data-e-type=\"column\">\n\t\t\t<div class=\"elementor-widget-wrap elementor-element-populated\">\n\t\t\t\t\t\t<div class=\"elementor-element elementor-element-aeb8402 elementor-widget elementor-widget-video\" data-id=\"aeb8402\" data-element_type=\"widget\" data-e-type=\"widget\" data-settings=\"{&quot;youtube_url&quot;:&quot;https:\\\/\\\/www.youtube.com\\\/watch?v=X6RBNMNJ0Zw&quot;,&quot;video_type&quot;:&quot;youtube&quot;,&quot;controls&quot;:&quot;yes&quot;}\" data-widget_type=\"video.default\">\n\t\t\t\t<div class=\"elementor-widget-container\">\n\t\t\t\t\t\t\t<div class=\"elementor-wrapper elementor-open-inline\">\n\t\t\t<div class=\"elementor-video\"><\/div>\t\t<\/div>\n\t\t\t\t\t\t<\/div>\n\t\t\t\t<\/div>\n\t\t\t\t\t<\/div>\n\t\t<\/div>\n\t\t\t\t\t<\/div>\n\t\t<\/section>\n\t\t\t\t<section class=\"elementor-section elementor-top-section elementor-element elementor-element-fb885a4 elementor-section-boxed elementor-section-height-default elementor-section-height-default\" data-id=\"fb885a4\" data-element_type=\"section\" data-e-type=\"section\">\n\t\t\t\t\t\t<div class=\"elementor-container elementor-column-gap-default\">\n\t\t\t\t\t<div class=\"elementor-column elementor-col-100 elementor-top-column elementor-element elementor-element-88d7115\" data-id=\"88d7115\" data-element_type=\"column\" data-e-type=\"column\">\n\t\t\t<div class=\"elementor-widget-wrap elementor-element-populated\">\n\t\t\t\t\t\t<div class=\"elementor-element elementor-element-820f99c elementor-widget-divider--view-line elementor-widget elementor-widget-divider\" data-id=\"820f99c\" data-element_type=\"widget\" data-e-type=\"widget\" data-widget_type=\"divider.default\">\n\t\t\t\t<div class=\"elementor-widget-container\">\n\t\t\t\t\t\t\t<div class=\"elementor-divider\">\n\t\t\t<span class=\"elementor-divider-separator\">\n\t\t\t\t\t\t<\/span>\n\t\t<\/div>\n\t\t\t\t\t\t<\/div>\n\t\t\t\t<\/div>\n\t\t\t\t\t<\/div>\n\t\t<\/div>\n\t\t\t\t\t<\/div>\n\t\t<\/section>\n\t\t\t\t<section class=\"elementor-section elementor-top-section elementor-element elementor-element-de73ac3 elementor-section-boxed elementor-section-height-default elementor-section-height-default\" data-id=\"de73ac3\" data-element_type=\"section\" data-e-type=\"section\">\n\t\t\t\t\t\t<div class=\"elementor-container elementor-column-gap-default\">\n\t\t\t\t\t<div class=\"elementor-column elementor-col-100 elementor-top-column elementor-element elementor-element-b7a68a3\" data-id=\"b7a68a3\" data-element_type=\"column\" data-e-type=\"column\">\n\t\t\t<div class=\"elementor-widget-wrap elementor-element-populated\">\n\t\t\t\t\t\t<div class=\"elementor-element elementor-element-d3507a4 elementor-cta--skin-classic elementor-animated-content elementor-bg-transform elementor-bg-transform-zoom-in elementor-widget elementor-widget-call-to-action\" data-id=\"d3507a4\" data-element_type=\"widget\" data-e-type=\"widget\" data-widget_type=\"call-to-action.default\">\n\t\t\t\t<div class=\"elementor-widget-container\">\n\t\t\t\t\t\t\t<div class=\"elementor-cta\">\n\t\t\t\t\t<div class=\"elementor-cta__bg-wrapper\">\n\t\t\t\t<div class=\"elementor-cta__bg elementor-bg\" style=\"background-image: url(https:\/\/chaletsdomainedulac.com\/wp-content\/uploads\/2025\/12\/Chalets-Domainedulac-Vosges-1024x683.jpg);\" role=\"img\" aria-label=\"Lac de G\u00e9rardmer au printemps\"><\/div>\n\t\t\t\t<div class=\"elementor-cta__bg-overlay\"><\/div>\n\t\t\t<\/div>\n\t\t\t\t\t\t\t<div class=\"elementor-cta__content\">\n\t\t\t\t\n\t\t\t\t\t\t\t\t\t<div class=\"elementor-cta__title elementor-cta__content-item elementor-content-item\">\n\t\t\t\t\t\tD\u00e9couvrez nos chalets au coeur des Vosges\t\t\t\t\t<\/div>\n\t\t\t\t\n\t\t\t\t\t\t\t\t\t<div class=\"elementor-cta__description elementor-cta__content-item elementor-content-item\">\n\t\t\t\t\t\tChalets cosy et familiaux, sur Xonrupt-Longemer et Gerb\u00e9pal, pr\u00e8s de G\u00e9rardmer\t\t\t\t\t<\/div>\n\t\t\t\t\n\t\t\t\t\t\t\t\t\t<div class=\"elementor-cta__button-wrapper elementor-cta__content-item elementor-content-item \">\n\t\t\t\t\t<a class=\"elementor-cta__button elementor-button elementor-size-\" href=\"https:\/\/chaletsdomainedulac.com\/reservations\/\">\n\t\t\t\t\t\tC'EST ICI\t\t\t\t\t<\/a>\n\t\t\t\t\t<\/div>\n\t\t\t\t\t\t\t<\/div>\n\t\t\t\t\t\t<\/div>\n\t\t\t\t\t\t<\/div>\n\t\t\t\t<\/div>\n\t\t\t\t\t<\/div>\n\t\t<\/div>\n\t\t\t\t\t<\/div>\n\t\t<\/section>\n\t\t\t\t<\/div>\n\t\t","protected":false},"excerpt":{"rendered":"<p>Les alentours D\u00e9couvrir Xonrupt-Longemer et Gerb\u00e9pal: un paradis naturel au coeur des Vosges D\u00e9couvrez des paysages \u00e9poustouflants: Xonrupt-Longemer et Gerb\u00e9pal sont situ\u00e9s au c\u0153ur des Vosges, une r\u00e9gion r\u00e9put\u00e9e pour ses paysages \u00e0 couper le souffle. Les for\u00eats verdoyantes, les montagnes majestueuses et les magnifiques lacs, tels que Longemer et G\u00e9rardmer, cr\u00e9ent un d\u00e9cor idyllique [&hellip;]<\/p>\n","protected":false},"author":7,"featured_media":0,"parent":0,"menu_order":0,"comment_status":"closed","ping_status":"closed","template":"","meta":{"footnotes":""},"class_list":["post-2825","page","type-page","status-publish","hentry"],"_links":{"self":[{"href":"https:\/\/chaletsdomainedulac.com\/nl\/wp-json\/wp\/v2\/pages\/2825","targetHints":{"allow":["GET"]}}],"collection":[{"href":"https:\/\/chaletsdomainedulac.com\/nl\/wp-json\/wp\/v2\/pages"}],"about":[{"href":"https:\/\/chaletsdomainedulac.com\/nl\/wp-json\/wp\/v2\/types\/page"}],"author":[{"embeddable":true,"href":"https:\/\/chaletsdomainedulac.com\/nl\/wp-json\/wp\/v2\/users\/7"}],"replies":[{"embeddable":true,"href":"https:\/\/chaletsdomainedulac.com\/nl\/wp-json\/wp\/v2\/comments?post=2825"}],"version-history":[{"count":133,"href":"https:\/\/chaletsdomainedulac.com\/nl\/wp-json\/wp\/v2\/pages\/2825\/revisions"}],"predecessor-version":[{"id":5714,"href":"https:\/\/chaletsdomainedulac.com\/nl\/wp-json\/wp\/v2\/pages\/2825\/revisions\/5714"}],"wp:attachment":[{"href":"https:\/\/chaletsdomainedulac.com\/nl\/wp-json\/wp\/v2\/media?parent=2825"}],"curies":[{"name":"wp","href":"https:\/\/api.w.org\/{rel}","templated":true}]}}