{"id":3201,"date":"2024-07-19T09:18:59","date_gmt":"2024-07-19T09:18:59","guid":{"rendered":"https:\/\/chaletsdomainedulac.com\/?page_id=3201"},"modified":"2026-01-25T09:21:38","modified_gmt":"2026-01-25T08:21:38","slug":"places-to-visit-near-xonrupt-longemer","status":"publish","type":"page","link":"https:\/\/chaletsdomainedulac.com\/en\/endroits-a-visiter-a-proximite-de-xonrupt-longemer\/","title":{"rendered":"Places to visit near Xonrupt-Longemer"},"content":{"rendered":"<style>.elementor-3201 .elementor-element.elementor-element-103b4c51 > .elementor-background-overlay{background-color:var( --e-global-color-d9725cf );opacity:0.4;transition:background 0.3s, border-radius 0.3s, opacity 0.3s;}.elementor-3201 .elementor-element.elementor-element-103b4c51{transition:background 0.3s, border 0.3s, border-radius 0.3s, box-shadow 0.3s;margin-top:0px;margin-bottom:0px;padding:18em 0em 9em 0em;}.elementor-3201 .elementor-element.elementor-element-44b112ad:not(.elementor-motion-effects-element-type-background) > .elementor-widget-wrap, .elementor-3201 .elementor-element.elementor-element-44b112ad > .elementor-widget-wrap > .elementor-motion-effects-container > .elementor-motion-effects-layer{background-color:#B8B8B800;}.elementor-3201 .elementor-element.elementor-element-44b112ad > .elementor-element-populated{transition:background 0.3s, border 0.3s, border-radius 0.3s, box-shadow 0.3s;margin:0px 0px 0px 0px;--e-column-margin-right:0px;--e-column-margin-left:0px;padding:0% 0% 0% 0%;}.elementor-3201 .elementor-element.elementor-element-44b112ad > .elementor-element-populated > .elementor-background-overlay{transition:background 0.3s, border-radius 0.3s, opacity 0.3s;}.elementor-3201 .elementor-element.elementor-element-5fbd2d2c{z-index:1;}.elementor-bc-flex-widget .elementor-3201 .elementor-element.elementor-element-18b43e61.elementor-column .elementor-widget-wrap{align-items:center;}.elementor-3201 .elementor-element.elementor-element-18b43e61.elementor-column.elementor-element[data-element_type=\"column\"] > .elementor-widget-wrap.elementor-element-populated{align-content:center;align-items:center;}.elementor-3201 .elementor-element.elementor-element-18b43e61:not(.elementor-motion-effects-element-type-background) > .elementor-widget-wrap, .elementor-3201 .elementor-element.elementor-element-18b43e61 > .elementor-widget-wrap > .elementor-motion-effects-container > .elementor-motion-effects-layer{background-color:#D08E0200;}.elementor-3201 .elementor-element.elementor-element-18b43e61 > .elementor-element-populated, .elementor-3201 .elementor-element.elementor-element-18b43e61 > .elementor-element-populated > .elementor-background-overlay, .elementor-3201 .elementor-element.elementor-element-18b43e61 > .elementor-background-slideshow{border-radius:10px 10px 10px 10px;}.elementor-3201 .elementor-element.elementor-element-18b43e61 > .elementor-element-populated{box-shadow:0px 0px 64px 0px rgba(0,0,0,0.5);transition:background 0.3s, border 0.3s, border-radius 0.3s, box-shadow 0.3s;margin:80px 0px 0px 0px;--e-column-margin-right:0px;--e-column-margin-left:0px;padding:2em 2em 2em 2em;}.elementor-3201 .elementor-element.elementor-element-18b43e61 > .elementor-element-populated > .elementor-background-overlay{transition:background 0.3s, border-radius 0.3s, opacity 0.3s;}.elementor-3201 .elementor-element.elementor-element-18b43e61.elementor-column > .elementor-element-populated::before{content:\"\";width:100%;height:100%;position:absolute;left:0;top:0;-webkit-backdrop-filter:blur(6.3px);backdrop-filter:blur(6.3px);border-radius:inherit;background-color:inherit;}.elementor-3201 .elementor-element.elementor-element-7a159ca{text-align:center;}.elementor-3201 .elementor-element.elementor-element-7a159ca .elementor-heading-title{font-size:57px;color:#FFFFFF;}.elementor-3201 .elementor-element.elementor-element-d0239d2{margin-top:75px;margin-bottom:75px;}.elementor-3201 .elementor-element.elementor-element-8afefcd .elementor-heading-title{font-size:36px;}.elementor-3201 .elementor-element.elementor-element-b85b916 > .elementor-widget-container{margin:0px 0px 0px 0px;}.elementor-3201 .elementor-element.elementor-element-2abb812c > .elementor-widget-container{margin:-15px 0px 0px 0px;}.elementor-3201 .elementor-element.elementor-element-63f0d33 > .elementor-widget-container{margin:-15px 0px 0px 0px;}.elementor-3201 .elementor-element.elementor-element-a3696d3 > .elementor-widget-container{margin:-15px 0px 0px 0px;}.elementor-3201 .elementor-element.elementor-element-b10c96e > .elementor-widget-container{margin:-15px 0px 0px 0px;}.elementor-3201 .elementor-element.elementor-element-ffbac0f > .elementor-widget-container{margin:-15px 0px 0px 0px;}.elementor-3201 .elementor-element.elementor-element-8058a6d > .elementor-widget-container{margin:-15px 0px 0px 0px;}.elementor-3201 .elementor-element.elementor-element-b192556 .elementor-cta__content{text-align:center;}.elementor-3201 .elementor-element.elementor-element-b192556 .elementor-cta__button{color:var( --e-global-color-e990a77 );background-color:var( --e-global-color-b8d5379 );}.elementor-3201 .elementor-element.elementor-element-b192556 .elementor-cta .elementor-cta__bg, .elementor-3201 .elementor-element.elementor-element-b192556 .elementor-cta .elementor-cta__bg-overlay{transition-duration:1500ms;}:root{--page-title-display:none;}@media(min-width:768px){.elementor-3201 .elementor-element.elementor-element-44b112ad{width:100%;}}@media(max-width:1024px){.elementor-3201 .elementor-element.elementor-element-103b4c51{margin-top:-399px;margin-bottom:29px;padding:18em 0em 0em 0em;}.elementor-3201 .elementor-element.elementor-element-44b112ad > .elementor-element-populated{padding:0px 10px 0px 10px;}}@media(max-width:767px){.elementor-3201 .elementor-element.elementor-element-103b4c51{margin-top:-432px;margin-bottom:0px;padding:27em 0em 5em 0em;}.elementor-3201 .elementor-element.elementor-element-7a159ca .elementor-heading-title{font-size:40px;}.elementor-3201 .elementor-element.elementor-element-8afefcd .elementor-heading-title{font-size:10px;}}<\/style>\t\t<div data-elementor-type=\"wp-page\" data-elementor-id=\"3201\" class=\"elementor elementor-3201\" data-elementor-post-type=\"page\">\n\t\t\t\t\t\t<section class=\"elementor-section elementor-top-section elementor-element elementor-element-103b4c51 elementor-section-full_width elementor-section-height-default elementor-section-height-default\" data-id=\"103b4c51\" data-element_type=\"section\" data-e-type=\"section\" data-settings=\"{&quot;background_background&quot;:&quot;slideshow&quot;,&quot;background_slideshow_gallery&quot;:[{&quot;id&quot;:4567,&quot;url&quot;:&quot;https:\\\/\\\/chaletsdomainedulac.com\\\/wp-content\\\/uploads\\\/2025\\\/12\\\/Chalets-Domainedulac-Vosges.jpg&quot;},{&quot;id&quot;:4583,&quot;url&quot;:&quot;https:\\\/\\\/chaletsdomainedulac.com\\\/wp-content\\\/uploads\\\/2025\\\/12\\\/Chalets-Domainedulac-Gerardmer.jpeg&quot;},{&quot;id&quot;:5134,&quot;url&quot;:&quot;https:\\\/\\\/chaletsdomainedulac.com\\\/wp-content\\\/uploads\\\/2026\\\/01\\\/Domainedulac-printemps.webp&quot;},{&quot;id&quot;:4590,&quot;url&quot;:&quot;https:\\\/\\\/chaletsdomainedulac.com\\\/wp-content\\\/uploads\\\/2025\\\/12\\\/Pistes-ski-Gerardmer.jpeg&quot;}],&quot;background_slideshow_loop&quot;:&quot;yes&quot;,&quot;background_slideshow_slide_duration&quot;:5000,&quot;background_slideshow_slide_transition&quot;:&quot;fade&quot;,&quot;background_slideshow_transition_duration&quot;:500}\">\n\t\t\t\t\t\t\t<div class=\"elementor-background-overlay\"><\/div>\n\t\t\t\t\t\t\t<div class=\"elementor-container elementor-column-gap-no\">\n\t\t\t\t\t<div class=\"elementor-column elementor-col-100 elementor-top-column elementor-element elementor-element-44b112ad\" data-id=\"44b112ad\" data-element_type=\"column\" data-e-type=\"column\" data-settings=\"{&quot;background_background&quot;:&quot;classic&quot;}\">\n\t\t\t<div class=\"elementor-widget-wrap elementor-element-populated\">\n\t\t\t\t\t\t<section class=\"elementor-section elementor-inner-section elementor-element elementor-element-5fbd2d2c elementor-section-full_width elementor-section-height-default elementor-section-height-default\" data-id=\"5fbd2d2c\" data-element_type=\"section\" data-e-type=\"section\">\n\t\t\t\t\t\t<div class=\"elementor-container elementor-column-gap-no\">\n\t\t\t\t\t<div class=\"elementor-column elementor-col-100 elementor-inner-column elementor-element elementor-element-18b43e61\" data-id=\"18b43e61\" data-element_type=\"column\" data-e-type=\"column\" data-settings=\"{&quot;background_background&quot;:&quot;classic&quot;}\">\n\t\t\t<div class=\"elementor-widget-wrap elementor-element-populated\">\n\t\t\t\t\t\t<div class=\"elementor-element elementor-element-7a159ca elementor-widget elementor-widget-heading\" data-id=\"7a159ca\" data-element_type=\"widget\" data-e-type=\"widget\" data-widget_type=\"heading.default\">\n\t\t\t\t<div class=\"elementor-widget-container\">\n\t\t\t\t\t<h1 class=\"elementor-heading-title elementor-size-default\">Endroits \u00e0 visiter \u00e0 proximit\u00e9 de Xonrupt-Longemer<\/h1>\t\t\t\t<\/div>\n\t\t\t\t<\/div>\n\t\t\t\t\t<\/div>\n\t\t<\/div>\n\t\t\t\t\t<\/div>\n\t\t<\/section>\n\t\t\t\t\t<\/div>\n\t\t<\/div>\n\t\t\t\t\t<\/div>\n\t\t<\/section>\n\t\t\t\t<section class=\"elementor-section elementor-top-section elementor-element elementor-element-65b4638 elementor-section-boxed elementor-section-height-default elementor-section-height-default\" data-id=\"65b4638\" data-element_type=\"section\" data-e-type=\"section\">\n\t\t\t\t\t\t<div class=\"elementor-container elementor-column-gap-default\">\n\t\t\t\t\t<div class=\"elementor-column elementor-col-100 elementor-top-column elementor-element elementor-element-3093041\" data-id=\"3093041\" data-element_type=\"column\" data-e-type=\"column\">\n\t\t\t<div class=\"elementor-widget-wrap\">\n\t\t\t\t\t\t\t<\/div>\n\t\t<\/div>\n\t\t\t\t\t<\/div>\n\t\t<\/section>\n\t\t\t\t<section class=\"elementor-section elementor-top-section elementor-element elementor-element-715b181 elementor-section-boxed elementor-section-height-default elementor-section-height-default\" data-id=\"715b181\" data-element_type=\"section\" data-e-type=\"section\">\n\t\t\t\t\t\t<div class=\"elementor-container elementor-column-gap-default\">\n\t\t\t\t\t<div class=\"elementor-column elementor-col-100 elementor-top-column elementor-element elementor-element-d8a15c9\" data-id=\"d8a15c9\" data-element_type=\"column\" data-e-type=\"column\">\n\t\t\t<div class=\"elementor-widget-wrap elementor-element-populated\">\n\t\t\t\t\t\t<div class=\"elementor-element elementor-element-d8d3fd2 elementor-align-center elementor-widget elementor-widget-button\" data-id=\"d8d3fd2\" data-element_type=\"widget\" data-e-type=\"widget\" data-widget_type=\"button.default\">\n\t\t\t\t<div class=\"elementor-widget-container\">\n\t\t\t\t\t\t\t\t\t<div class=\"elementor-button-wrapper\">\n\t\t\t\t\t<a class=\"elementor-button elementor-button-link elementor-size-sm\" href=\"https:\/\/chaletsdomainedulac.com\">\n\t\t\t\t\t\t<span class=\"elementor-button-content-wrapper\">\n\t\t\t\t\t\t\t\t\t<span class=\"elementor-button-text\">DECOUVREZ NOS GITES A XONRUPT-LONGEMER, lieu ideal pour rayonner dans toutes les vosges <\/span>\n\t\t\t\t\t<\/span>\n\t\t\t\t\t<\/a>\n\t\t\t\t<\/div>\n\t\t\t\t\t\t\t\t<\/div>\n\t\t\t\t<\/div>\n\t\t\t\t\t<\/div>\n\t\t<\/div>\n\t\t\t\t\t<\/div>\n\t\t<\/section>\n\t\t\t\t<section class=\"elementor-section elementor-top-section elementor-element elementor-element-d0239d2 elementor-section-boxed elementor-section-height-default elementor-section-height-default\" data-id=\"d0239d2\" data-element_type=\"section\" data-e-type=\"section\">\n\t\t\t\t\t\t<div class=\"elementor-container elementor-column-gap-default\">\n\t\t\t\t\t<div class=\"elementor-column elementor-col-100 elementor-top-column elementor-element elementor-element-6b7d2972\" data-id=\"6b7d2972\" data-element_type=\"column\" data-e-type=\"column\">\n\t\t\t<div class=\"elementor-widget-wrap elementor-element-populated\">\n\t\t\t\t\t\t<div class=\"elementor-element elementor-element-8afefcd elementor-widget elementor-widget-heading\" data-id=\"8afefcd\" data-element_type=\"widget\" data-e-type=\"widget\" data-widget_type=\"heading.default\">\n\t\t\t\t<div class=\"elementor-widget-container\">\n\t\t\t\t\t<h2 class=\"elementor-heading-title elementor-size-default\"><h2>De jolies visites pr\u00e8s de Xonrupt-Longemer\u200b<\/h2><\/h2>\t\t\t\t<\/div>\n\t\t\t\t<\/div>\n\t\t\t\t<div class=\"elementor-element elementor-element-42600f8 elementor-widget elementor-widget-image\" data-id=\"42600f8\" data-element_type=\"widget\" data-e-type=\"widget\" data-widget_type=\"image.default\">\n\t\t\t\t<div class=\"elementor-widget-container\">\n\t\t\t\t\t\t\t\t\t\t\t\t\t\t\t<img decoding=\"async\" src=\"https:\/\/chaletsdomainedulac.com\/wp-content\/uploads\/elementor\/thumbs\/haut-koenigsbourg-ot-selestat-11-rhbeg6m2d3jwv0zjsb280lydz852dpmt3j4bcn7z80.jpg\" title=\"haut-koenigsbourg-ot-selestat-11\" alt=\"haut-koenigsbourg-ot-selestat-11\" loading=\"lazy\" \/>\t\t\t\t\t\t\t\t\t\t\t\t\t\t\t<\/div>\n\t\t\t\t<\/div>\n\t\t\t\t<div class=\"elementor-element elementor-element-b85b916 elementor-widget elementor-widget-text-editor\" data-id=\"b85b916\" data-element_type=\"widget\" data-e-type=\"widget\" data-widget_type=\"text-editor.default\">\n\t\t\t\t<div class=\"elementor-widget-container\">\n\t\t\t\t\t\t\t\t\t<figure class=\"wp-block-gallery has-nested-images columns-default is-cropped\"><figure class=\"wp-block-image size-large\"><\/figure><\/figure><p>Xonrupt-Longemer, nich\u00e9 au c\u0153ur des Vosges, est entour\u00e9 de sites naturels et culturels exceptionnels qui m\u00e9ritent d&rsquo;\u00eatre d\u00e9couverts. Que vous soyez amateur de paysages spectaculaires, de patrimoine historique ou de charmantes villes, les environs de Longemer offrent de nombreuses possibilit\u00e9s pour des excursions d&rsquo;une journ\u00e9e. Voici quelques suggestions incontournables gravitant autour de nos <a href=\"https:\/\/chaletsdomainedulac.com\">chalets familiaux en location saisonni\u00e8re<\/a>.<\/p>\t\t\t\t\t\t\t\t<\/div>\n\t\t\t\t<\/div>\n\t\t\t\t<div class=\"elementor-element elementor-element-2abb812c elementor-widget elementor-widget-text-editor\" data-id=\"2abb812c\" data-element_type=\"widget\" data-e-type=\"widget\" data-widget_type=\"text-editor.default\">\n\t\t\t\t<div class=\"elementor-widget-container\">\n\t\t\t\t\t\t\t\t\t<figure class=\"wp-block-gallery has-nested-images columns-default is-cropped\"><figure class=\"wp-block-image size-large\"><\/figure><\/figure><h4 class=\"wp-block-heading\"><strong>G\u00e9rardmer : La Perle des Vosges<br \/><\/strong><\/h4><p>\u00c0 seulement quelques kilom\u00e8tres de Xonrupt-Longemer, <a href=\"https:\/\/gerardmer.net\" target=\"_blank\" rel=\"noopener\">G\u00e9rardmer<\/a> est une destination \u00e0 ne pas manquer. Connue sous le nom de \u00ab\u00a0Perle des Vosges\u00a0\u00bb, cette ville est c\u00e9l\u00e8bre pour son lac magnifique, ses pistes de ski bien entretenues et son c\u00e9l\u00e8bre festival du film fantastique. En \u00e9t\u00e9, le lac de G\u00e9rardmer est id\u00e9al pour la baignade, le p\u00e9dalo et la voile. En hiver, la station de ski offre des pistes pour tous les niveaux.<\/p><ul><li><strong>Points forts :<\/strong> Lac pittoresque, sports nautiques, festival du film fantastique<\/li><li><strong>Conseil :<\/strong> Visitez en f\u00e9vrier pour le festival du film fantastique et profitez de l&rsquo;ambiance unique.<\/li><\/ul>\t\t\t\t\t\t\t\t<\/div>\n\t\t\t\t<\/div>\n\t\t\t\t<div class=\"elementor-element elementor-element-63f0d33 elementor-widget elementor-widget-text-editor\" data-id=\"63f0d33\" data-element_type=\"widget\" data-e-type=\"widget\" data-widget_type=\"text-editor.default\">\n\t\t\t\t<div class=\"elementor-widget-container\">\n\t\t\t\t\t\t\t\t\t<figure class=\"wp-block-gallery has-nested-images columns-default is-cropped\"><figure class=\"wp-block-image size-large\"><\/figure><\/figure><h4 class=\"wp-block-heading\"><strong style=\"color: var( --e-global-color-d9725cf );\">La Route des Cr\u00eates : Une Balade Panoramique<br \/><\/strong><\/h4><p>La Route des Cr\u00eates est une route panoramique qui offre des vues spectaculaires sur les Vosges et les vall\u00e9es environnantes. Parfaite pour une balade en voiture ou \u00e0 moto, cette route vous permet de d\u00e9couvrir des paysages \u00e0 couper le souffle. Ne manquez pas le Col de la Schlucht, l&rsquo;un des points culminants, o\u00f9 vous pourrez faire une pause et profiter des panoramas exceptionnels.<\/p><ul><li><strong>Points forts :<\/strong> Paysages grandioses, id\u00e9al pour les balades en voiture ou \u00e0 moto, sites de randonn\u00e9e<\/li><li><strong>Conseil :<\/strong> Arr\u00eatez-vous au Hohneck, le troisi\u00e8me plus haut sommet des Vosges, pour des vues encore plus impressionnantes.<\/li><\/ul>\t\t\t\t\t\t\t\t<\/div>\n\t\t\t\t<\/div>\n\t\t\t\t<div class=\"elementor-element elementor-element-a3696d3 elementor-widget elementor-widget-text-editor\" data-id=\"a3696d3\" data-element_type=\"widget\" data-e-type=\"widget\" data-widget_type=\"text-editor.default\">\n\t\t\t\t<div class=\"elementor-widget-container\">\n\t\t\t\t\t\t\t\t\t<figure class=\"wp-block-gallery has-nested-images columns-default is-cropped\"><figure class=\"wp-block-image size-large\"><\/figure><\/figure><h4 class=\"wp-block-heading\"><strong>Colmar : Une Ville Alsacienne F\u00e9\u00e9rique<br \/><\/strong><\/h4><p>Un peu plus loin, mais absolument incontournable, <a href=\"https:\/\/www.tourisme-colmar.com\/fr\/\" target=\"_blank\" rel=\"noopener\">Colmar<\/a> est une charmante ville alsacienne connue pour ses canaux, ses maisons \u00e0 colombages et son ambiance f\u00e9erique. Promenez-vous dans la Petite Venise, visitez le mus\u00e9e Unterlinden et d\u00e9gustez les sp\u00e9cialit\u00e9s alsaciennes dans l&rsquo;un des nombreux restaurants traditionnels.<\/p><ul><li><strong>Points forts :<\/strong> Architecture pittoresque, mus\u00e9es int\u00e9ressants, gastronomie alsacienne<\/li><li><strong>Conseil :<\/strong> Visitez Colmar pendant la p\u00e9riode de No\u00ebl pour d\u00e9couvrir ses march\u00e9s de No\u00ebl enchanteurs.<\/li><\/ul>\t\t\t\t\t\t\t\t<\/div>\n\t\t\t\t<\/div>\n\t\t\t\t<div class=\"elementor-element elementor-element-b10c96e elementor-widget elementor-widget-text-editor\" data-id=\"b10c96e\" data-element_type=\"widget\" data-e-type=\"widget\" data-widget_type=\"text-editor.default\">\n\t\t\t\t<div class=\"elementor-widget-container\">\n\t\t\t\t\t\t\t\t\t<figure class=\"wp-block-gallery has-nested-images columns-default is-cropped\"><figure class=\"wp-block-image size-large\"><\/figure><\/figure><h4 class=\"wp-block-heading\"><strong style=\"color: var( --e-global-color-d9725cf );\">Les Cascades de Tendon : Un Spectacle Naturel<br \/><\/strong><\/h4><p>\u00c0 proximit\u00e9 de Xonrupt-Longemer, les cascades de Tendon sont les plus hautes des Vosges et offrent un spectacle naturel impressionnant. Le site se compose de deux cascades, la Grande Cascade et la Petite Cascade, situ\u00e9es \u00e0 environ deux kilom\u00e8tres l&rsquo;une de l&rsquo;autre. C&rsquo;est un lieu parfait pour une randonn\u00e9e pittoresque et une pause d\u00e9tente en pleine nature.<\/p><ul><li><strong>Points forts :<\/strong> Beaut\u00e9 naturelle, randonn\u00e9e accessible, aire de pique-nique<\/li><li><strong>Conseil :<\/strong> Partez t\u00f4t le matin pour \u00e9viter la foule et profiter de la s\u00e9r\u00e9nit\u00e9 du lieu.<\/li><\/ul>\t\t\t\t\t\t\t\t<\/div>\n\t\t\t\t<\/div>\n\t\t\t\t<div class=\"elementor-element elementor-element-ffbac0f elementor-widget elementor-widget-text-editor\" data-id=\"ffbac0f\" data-element_type=\"widget\" data-e-type=\"widget\" data-widget_type=\"text-editor.default\">\n\t\t\t\t<div class=\"elementor-widget-container\">\n\t\t\t\t\t\t\t\t\t<figure class=\"wp-block-gallery has-nested-images columns-default is-cropped\"><figure class=\"wp-block-image size-large\"><\/figure><\/figure><h4 class=\"wp-block-heading\"><strong>Le Ch\u00e2teau du Haut-Koenigsbourg : Plong\u00e9e dans l\u2019Histoire<br \/><\/strong><\/h4><div><p>Plongez dans l\u2019histoire en visitant le Ch\u00e2teau du Haut-Koenigsbourg, un ch\u00e2teau m\u00e9di\u00e9val magnifiquement restaur\u00e9 situ\u00e9 sur une colline surplombant la plaine d&rsquo;Alsace. Les vues depuis les remparts sont spectaculaires, et le ch\u00e2teau lui-m\u00eame est une merveille architecturale. Explorez les salles richement d\u00e9cor\u00e9es, les cours et les jardins, et laissez-vous transporter \u00e0 une autre \u00e9poque.<\/p><ul><li><strong>Points forts :<\/strong> Architecture m\u00e9di\u00e9vale, vues panoramiques, riche en histoire<\/li><li><strong>Conseil :<\/strong> Profitez des visites guid\u00e9es pour en apprendre davantage sur l\u2019histoire fascinante du ch\u00e2teau.<\/li><\/ul><\/div>\t\t\t\t\t\t\t\t<\/div>\n\t\t\t\t<\/div>\n\t\t\t\t<div class=\"elementor-element elementor-element-8058a6d elementor-widget elementor-widget-text-editor\" data-id=\"8058a6d\" data-element_type=\"widget\" data-e-type=\"widget\" data-widget_type=\"text-editor.default\">\n\t\t\t\t<div class=\"elementor-widget-container\">\n\t\t\t\t\t\t\t\t\t<figure class=\"wp-block-gallery has-nested-images columns-default is-cropped\"><figure class=\"wp-block-image size-large\"><\/figure><\/figure><h4 class=\"wp-block-heading\"><strong>Conclusion<\/strong><\/h4><div><p>Xonrupt-Longemer est le point de d\u00e9part id\u00e9al pour explorer les merveilles des Vosges et de l&rsquo;Alsace. Que vous soyez attir\u00e9 par la beaut\u00e9 naturelle de G\u00e9rardmer et des cascades de Tendon, les vues panoramiques de la Route des Cr\u00eates, le charme historique de Colmar ou le patrimoine m\u00e9di\u00e9val du <a href=\"https:\/\/www.haut-koenigsbourg.fr\" target=\"_blank\" rel=\"noopener\">Ch\u00e2teau du Haut-Koenigsbourg<\/a>, chaque destination offre une exp\u00e9rience unique et enrichissante. Louez l\u2019un de nos chalets confortables et partez \u00e0 la d\u00e9couverte de ces lieux fascinants pour un s\u00e9jour inoubliable au c\u0153ur des Vosges.<\/p><p>Planifiez d\u00e8s maintenant votre visite et pr\u00e9parez-vous \u00e0 explorer les tr\u00e9sors cach\u00e9s de cette magnifique r\u00e9gion.<\/p><\/div>\t\t\t\t\t\t\t\t<\/div>\n\t\t\t\t<\/div>\n\t\t\t\t\t<\/div>\n\t\t<\/div>\n\t\t\t\t\t<\/div>\n\t\t<\/section>\n\t\t\t\t<section class=\"elementor-section elementor-top-section elementor-element elementor-element-3e1cfbd elementor-section-boxed elementor-section-height-default elementor-section-height-default\" data-id=\"3e1cfbd\" data-element_type=\"section\" data-e-type=\"section\">\n\t\t\t\t\t\t<div class=\"elementor-container elementor-column-gap-default\">\n\t\t\t\t\t<div class=\"elementor-column elementor-col-100 elementor-top-column elementor-element elementor-element-0653fea\" data-id=\"0653fea\" data-element_type=\"column\" data-e-type=\"column\">\n\t\t\t<div class=\"elementor-widget-wrap elementor-element-populated\">\n\t\t\t\t\t\t<div class=\"elementor-element elementor-element-b192556 elementor-cta--skin-classic elementor-animated-content elementor-bg-transform elementor-bg-transform-zoom-in elementor-widget elementor-widget-call-to-action\" data-id=\"b192556\" data-element_type=\"widget\" data-e-type=\"widget\" data-widget_type=\"call-to-action.default\">\n\t\t\t\t<div class=\"elementor-widget-container\">\n\t\t\t\t\t\t\t<div class=\"elementor-cta\">\n\t\t\t\t\t<div class=\"elementor-cta__bg-wrapper\">\n\t\t\t\t<div class=\"elementor-cta__bg elementor-bg\" style=\"background-image: url(https:\/\/chaletsdomainedulac.com\/wp-content\/uploads\/2025\/12\/Chalets-Domainedulac-Vosges-1024x683.jpg);\" role=\"img\" aria-label=\"Lac de G\u00e9rardmer au printemps\"><\/div>\n\t\t\t\t<div class=\"elementor-cta__bg-overlay\"><\/div>\n\t\t\t<\/div>\n\t\t\t\t\t\t\t<div class=\"elementor-cta__content\">\n\t\t\t\t\n\t\t\t\t\t\t\t\t\t<div class=\"elementor-cta__title elementor-cta__content-item elementor-content-item\">\n\t\t\t\t\t\tNOS CHALETS AU COEUR DES VOSGES\t\t\t\t\t<\/div>\n\t\t\t\t\n\t\t\t\t\t\t\t\t\t<div class=\"elementor-cta__description elementor-cta__content-item elementor-content-item\">\n\t\t\t\t\t\tD\u00e9couvrez nos chalets cosy et familiaux, sur Xonrupt-Longemer, pr\u00e8s de G\u00e9rardmer, de 1 \u00e0 12 personnes\t\t\t\t\t<\/div>\n\t\t\t\t\n\t\t\t\t\t\t\t\t\t<div class=\"elementor-cta__button-wrapper elementor-cta__content-item elementor-content-item \">\n\t\t\t\t\t<a class=\"elementor-cta__button elementor-button elementor-size-\" href=\"https:\/\/chaletsdomainedulac.com\/reservations\/\">\n\t\t\t\t\t\tC'EST ICI\t\t\t\t\t<\/a>\n\t\t\t\t\t<\/div>\n\t\t\t\t\t\t\t<\/div>\n\t\t\t\t\t\t<\/div>\n\t\t\t\t\t\t<\/div>\n\t\t\t\t<\/div>\n\t\t\t\t\t<\/div>\n\t\t<\/div>\n\t\t\t\t\t<\/div>\n\t\t<\/section>\n\t\t\t\t<\/div>\n\t\t","protected":false},"excerpt":{"rendered":"<p>Endroits \u00e0 visiter \u00e0 proximit\u00e9 de Xonrupt-Longemer DECOUVREZ NOS GITES A XONRUPT-LONGEMER, lieu ideal pour rayonner dans toutes les vosges De jolies visites pr\u00e8s de Xonrupt-Longemer\u200b Xonrupt-Longemer, nich\u00e9 au c\u0153ur des Vosges, est entour\u00e9 de sites naturels et culturels exceptionnels qui m\u00e9ritent d&rsquo;\u00eatre d\u00e9couverts. Que vous soyez amateur de paysages spectaculaires, de patrimoine historique ou [&hellip;]<\/p>\n","protected":false},"author":8,"featured_media":0,"parent":0,"menu_order":0,"comment_status":"closed","ping_status":"closed","template":"","meta":{"footnotes":""},"class_list":["post-3201","page","type-page","status-publish","hentry"],"_links":{"self":[{"href":"https:\/\/chaletsdomainedulac.com\/en\/wp-json\/wp\/v2\/pages\/3201","targetHints":{"allow":["GET"]}}],"collection":[{"href":"https:\/\/chaletsdomainedulac.com\/en\/wp-json\/wp\/v2\/pages"}],"about":[{"href":"https:\/\/chaletsdomainedulac.com\/en\/wp-json\/wp\/v2\/types\/page"}],"author":[{"embeddable":true,"href":"https:\/\/chaletsdomainedulac.com\/en\/wp-json\/wp\/v2\/users\/8"}],"replies":[{"embeddable":true,"href":"https:\/\/chaletsdomainedulac.com\/en\/wp-json\/wp\/v2\/comments?post=3201"}],"version-history":[{"count":43,"href":"https:\/\/chaletsdomainedulac.com\/en\/wp-json\/wp\/v2\/pages\/3201\/revisions"}],"predecessor-version":[{"id":5659,"href":"https:\/\/chaletsdomainedulac.com\/en\/wp-json\/wp\/v2\/pages\/3201\/revisions\/5659"}],"wp:attachment":[{"href":"https:\/\/chaletsdomainedulac.com\/en\/wp-json\/wp\/v2\/media?parent=3201"}],"curies":[{"name":"wp","href":"https:\/\/api.w.org\/{rel}","templated":true}]}}