{"id":5546,"date":"2026-01-24T18:59:50","date_gmt":"2026-01-24T17:59:50","guid":{"rendered":"https:\/\/chaletsdomainedulac.com\/?page_id=5546"},"modified":"2026-02-18T11:54:51","modified_gmt":"2026-02-18T10:54:51","slug":"blog","status":"publish","type":"page","link":"https:\/\/chaletsdomainedulac.com\/de\/blog\/","title":{"rendered":"BLOG"},"content":{"rendered":"<div data-elementor-type=\"wp-page\" data-elementor-id=\"5546\" class=\"elementor elementor-5546\" data-elementor-post-type=\"page\">\n\t\t\t\t\t\t<section class=\"elementor-section elementor-top-section elementor-element elementor-element-0989a09 elementor-section-boxed elementor-section-height-default elementor-section-height-default\" data-id=\"0989a09\" data-element_type=\"section\" data-e-type=\"section\">\n\t\t\t\t\t\t<div class=\"elementor-container elementor-column-gap-default\">\n\t\t\t\t\t<div class=\"elementor-column elementor-col-100 elementor-top-column elementor-element elementor-element-4771558\" data-id=\"4771558\" data-element_type=\"column\" data-e-type=\"column\">\n\t\t\t<div class=\"elementor-widget-wrap elementor-element-populated\">\n\t\t\t\t\t\t<div class=\"elementor-element elementor-element-0ac1f74 elementor-widget-divider--view-line elementor-widget elementor-widget-divider\" data-id=\"0ac1f74\" data-element_type=\"widget\" data-e-type=\"widget\" data-widget_type=\"divider.default\">\n\t\t\t\t<div class=\"elementor-widget-container\">\n\t\t\t\t\t\t\t<div class=\"elementor-divider\">\n\t\t\t<span class=\"elementor-divider-separator\">\n\t\t\t\t\t\t<\/span>\n\t\t<\/div>\n\t\t\t\t\t\t<\/div>\n\t\t\t\t<\/div>\n\t\t\t\t\t<\/div>\n\t\t<\/div>\n\t\t\t\t\t<\/div>\n\t\t<\/section>\n\t\t\t\t<section class=\"elementor-section elementor-top-section elementor-element elementor-element-27e24e0 elementor-section-boxed elementor-section-height-default elementor-section-height-default\" data-id=\"27e24e0\" data-element_type=\"section\" data-e-type=\"section\" data-settings=\"{&quot;background_background&quot;:&quot;gradient&quot;}\">\n\t\t\t\t\t\t<div class=\"elementor-container elementor-column-gap-default\">\n\t\t\t\t\t<div class=\"elementor-column elementor-col-100 elementor-top-column elementor-element elementor-element-0b6cf60\" data-id=\"0b6cf60\" data-element_type=\"column\" data-e-type=\"column\">\n\t\t\t<div class=\"elementor-widget-wrap elementor-element-populated\">\n\t\t\t\t\t\t<div class=\"elementor-element elementor-element-e1d5833 elementor-widget elementor-widget-heading\" data-id=\"e1d5833\" data-element_type=\"widget\" data-e-type=\"widget\" data-widget_type=\"heading.default\">\n\t\t\t\t<div class=\"elementor-widget-container\">\n\t\t\t\t\t<h1 class=\"elementor-heading-title elementor-size-default\">Der Blog der Domaine du Lac - Aufenthalte &amp; Ideen f\u00fcr Aktivit\u00e4ten in den Vogesen<\/h1>\t\t\t\t<\/div>\n\t\t\t\t<\/div>\n\t\t\t\t\t<\/div>\n\t\t<\/div>\n\t\t\t\t\t<\/div>\n\t\t<\/section>\n\t\t\t\t<section class=\"elementor-section elementor-top-section elementor-element elementor-element-c4b0e54 elementor-section-boxed elementor-section-height-default elementor-section-height-default\" data-id=\"c4b0e54\" data-element_type=\"section\" data-e-type=\"section\">\n\t\t\t\t\t\t<div class=\"elementor-container elementor-column-gap-default\">\n\t\t\t\t\t<div class=\"elementor-column elementor-col-100 elementor-top-column elementor-element elementor-element-27e5210\" data-id=\"27e5210\" data-element_type=\"column\" data-e-type=\"column\">\n\t\t\t<div class=\"elementor-widget-wrap\">\n\t\t\t\t\t\t\t<\/div>\n\t\t<\/div>\n\t\t\t\t\t<\/div>\n\t\t<\/section>\n\t\t\t\t<section class=\"elementor-section elementor-top-section elementor-element elementor-element-2c8587e elementor-section-boxed elementor-section-height-default elementor-section-height-default\" data-id=\"2c8587e\" data-element_type=\"section\" data-e-type=\"section\">\n\t\t\t\t\t\t<div class=\"elementor-container elementor-column-gap-default\">\n\t\t\t\t\t<div class=\"elementor-column elementor-col-100 elementor-top-column elementor-element elementor-element-37ac0eb\" data-id=\"37ac0eb\" data-element_type=\"column\" data-e-type=\"column\">\n\t\t\t<div class=\"elementor-widget-wrap\">\n\t\t\t\t\t\t\t<\/div>\n\t\t<\/div>\n\t\t\t\t\t<\/div>\n\t\t<\/section>\n\t\t\t\t<section class=\"elementor-section elementor-top-section elementor-element elementor-element-35c1ebf elementor-section-boxed elementor-section-height-default elementor-section-height-default\" data-id=\"35c1ebf\" data-element_type=\"section\" data-e-type=\"section\">\n\t\t\t\t\t\t<div class=\"elementor-container elementor-column-gap-default\">\n\t\t\t\t\t<div class=\"elementor-column elementor-col-100 elementor-top-column elementor-element elementor-element-2c6b7d8\" data-id=\"2c6b7d8\" data-element_type=\"column\" data-e-type=\"column\">\n\t\t\t<div class=\"elementor-widget-wrap elementor-element-populated\">\n\t\t\t\t\t\t<div class=\"elementor-element elementor-element-f2187df elementor-widget elementor-widget-text-editor\" data-id=\"f2187df\" data-element_type=\"widget\" data-e-type=\"widget\" data-widget_type=\"text-editor.default\">\n\t\t\t\t<div class=\"elementor-widget-container\">\n\t\t\t\t\t\t\t\t\t<p>Tipps, Ausflugsideen und Inspirationen, damit Sie Ihren Aufenthalt in G\u00e9rardmer und rund um unsere Chalets in vollen Z\u00fcgen genie\u00dfen k\u00f6nnen.<\/p>\t\t\t\t\t\t\t\t<\/div>\n\t\t\t\t<\/div>\n\t\t\t\t\t<\/div>\n\t\t<\/div>\n\t\t\t\t\t<\/div>\n\t\t<\/section>\n\t\t\t\t<section class=\"elementor-section elementor-top-section elementor-element elementor-element-d6f9ef6 elementor-section-boxed elementor-section-height-default elementor-section-height-default\" data-id=\"d6f9ef6\" data-element_type=\"section\" data-e-type=\"section\">\n\t\t\t\t\t\t<div class=\"elementor-container elementor-column-gap-default\">\n\t\t\t\t\t<div class=\"elementor-column elementor-col-100 elementor-top-column elementor-element elementor-element-13863c9\" data-id=\"13863c9\" data-element_type=\"column\" data-e-type=\"column\">\n\t\t\t<div class=\"elementor-widget-wrap\">\n\t\t\t\t\t\t\t<\/div>\n\t\t<\/div>\n\t\t\t\t\t<\/div>\n\t\t<\/section>\n\t\t\t\t<section class=\"elementor-section elementor-top-section elementor-element elementor-element-860c54a elementor-section-boxed elementor-section-height-default elementor-section-height-default\" data-id=\"860c54a\" data-element_type=\"section\" data-e-type=\"section\">\n\t\t\t\t\t\t<div class=\"elementor-container elementor-column-gap-default\">\n\t\t\t\t\t<div class=\"elementor-column elementor-col-50 elementor-top-column elementor-element elementor-element-44ad639\" data-id=\"44ad639\" data-element_type=\"column\" data-e-type=\"column\">\n\t\t\t<div class=\"elementor-widget-wrap elementor-element-populated\">\n\t\t\t\t\t\t<div class=\"elementor-element elementor-element-8aeef56 elementor-widget elementor-widget-image\" data-id=\"8aeef56\" data-element_type=\"widget\" data-e-type=\"widget\" data-widget_type=\"image.default\">\n\t\t\t\t<div class=\"elementor-widget-container\">\n\t\t\t\t\t\t\t\t\t\t\t\t\t\t\t<img fetchpriority=\"high\" decoding=\"async\" width=\"800\" height=\"534\" src=\"https:\/\/chaletsdomainedulac.com\/wp-content\/uploads\/2025\/12\/Chalets-Domainedulac-Vosges-1024x683.jpg\" class=\"attachment-large size-large wp-image-4567\" alt=\"\" srcset=\"https:\/\/chaletsdomainedulac.com\/wp-content\/uploads\/2025\/12\/Chalets-Domainedulac-Vosges-1024x683.jpg 1024w, https:\/\/chaletsdomainedulac.com\/wp-content\/uploads\/2025\/12\/Chalets-Domainedulac-Vosges-18x12.jpg 18w, https:\/\/chaletsdomainedulac.com\/wp-content\/uploads\/2025\/12\/Chalets-Domainedulac-Vosges-300x200.jpg 300w, https:\/\/chaletsdomainedulac.com\/wp-content\/uploads\/2025\/12\/Chalets-Domainedulac-Vosges-768x512.jpg 768w, https:\/\/chaletsdomainedulac.com\/wp-content\/uploads\/2025\/12\/Chalets-Domainedulac-Vosges.jpg 1536w\" sizes=\"(max-width: 800px) 100vw, 800px\" \/>\t\t\t\t\t\t\t\t\t\t\t\t\t\t\t<\/div>\n\t\t\t\t<\/div>\n\t\t\t\t\t<\/div>\n\t\t<\/div>\n\t\t\t\t<div class=\"elementor-column elementor-col-50 elementor-top-column elementor-element elementor-element-fc86076\" data-id=\"fc86076\" data-element_type=\"column\" data-e-type=\"column\">\n\t\t\t<div class=\"elementor-widget-wrap elementor-element-populated\">\n\t\t\t\t\t\t<div class=\"elementor-element elementor-element-d60ffaa elementor-widget elementor-widget-heading\" data-id=\"d60ffaa\" data-element_type=\"widget\" data-e-type=\"widget\" data-widget_type=\"heading.default\">\n\t\t\t\t<div class=\"elementor-widget-container\">\n\t\t\t\t\t<h2 class=\"elementor-heading-title elementor-size-default\">Januar 2026: Chaletvermietung in den Vogesen: Willkommen in der Domaine du Lac<\/h2>\t\t\t\t<\/div>\n\t\t\t\t<\/div>\n\t\t\t\t<div class=\"elementor-element elementor-element-3b1c668 elementor-widget elementor-widget-text-editor\" data-id=\"3b1c668\" data-element_type=\"widget\" data-e-type=\"widget\" data-widget_type=\"text-editor.default\">\n\t\t\t\t<div class=\"elementor-widget-container\">\n\t\t\t\t\t\t\t\t\t<p><em>Aufenthalt in der Natur, Komfort und Entspannung im Herzen der Vogesen<\/em><\/p><p>Wenn Sie von einem Aufenthalt tr\u00e4umen, in dem Ruhe, Natur und Komfort aufeinandertreffen, sind Sie hier genau richtig. Mit diesem Blog m\u00f6chten wir Ihnen die Welt der <strong>Chalets der Domaine du Lac<\/strong>, In einer privilegierten Umgebung im Herzen der Vogesen, zwischen W\u00e4ldern, Seen und Bergen.<\/p><h2>\u00a0<\/h2>\t\t\t\t\t\t\t\t<\/div>\n\t\t\t\t<\/div>\n\t\t\t\t\t<\/div>\n\t\t<\/div>\n\t\t\t\t\t<\/div>\n\t\t<\/section>\n\t\t\t\t<section class=\"elementor-section elementor-top-section elementor-element elementor-element-5a511fc elementor-section-boxed elementor-section-height-default elementor-section-height-default\" data-id=\"5a511fc\" data-element_type=\"section\" data-e-type=\"section\">\n\t\t\t\t\t\t<div class=\"elementor-container elementor-column-gap-default\">\n\t\t\t\t\t<div class=\"elementor-column elementor-col-50 elementor-top-column elementor-element elementor-element-0c1befd\" data-id=\"0c1befd\" data-element_type=\"column\" data-e-type=\"column\">\n\t\t\t<div class=\"elementor-widget-wrap\">\n\t\t\t\t\t\t\t<\/div>\n\t\t<\/div>\n\t\t\t\t<div class=\"elementor-column elementor-col-50 elementor-top-column elementor-element elementor-element-6353937\" data-id=\"6353937\" data-element_type=\"column\" data-e-type=\"column\">\n\t\t\t<div class=\"elementor-widget-wrap\">\n\t\t\t\t\t\t\t<\/div>\n\t\t<\/div>\n\t\t\t\t\t<\/div>\n\t\t<\/section>\n\t\t\t\t<section class=\"elementor-section elementor-top-section elementor-element elementor-element-6c0ac3a elementor-section-boxed elementor-section-height-default elementor-section-height-default\" data-id=\"6c0ac3a\" data-element_type=\"section\" data-e-type=\"section\" data-settings=\"{&quot;background_background&quot;:&quot;gradient&quot;}\">\n\t\t\t\t\t\t<div class=\"elementor-container elementor-column-gap-default\">\n\t\t\t\t\t<div class=\"elementor-column elementor-col-50 elementor-top-column elementor-element elementor-element-72b4938\" data-id=\"72b4938\" data-element_type=\"column\" data-e-type=\"column\">\n\t\t\t<div class=\"elementor-widget-wrap elementor-element-populated\">\n\t\t\t\t\t\t<div class=\"elementor-element elementor-element-bee0278 elementor-widget elementor-widget-heading\" data-id=\"bee0278\" data-element_type=\"widget\" data-e-type=\"widget\" data-widget_type=\"heading.default\">\n\t\t\t\t<div class=\"elementor-widget-container\">\n\t\t\t\t\t<h2 class=\"elementor-heading-title elementor-size-default\">Februar 2026: Was kann man in den Vogesen rund um die Domaine du Lac unternehmen?<\/h2>\t\t\t\t<\/div>\n\t\t\t\t<\/div>\n\t\t\t\t<div class=\"elementor-element elementor-element-273e286 elementor-widget elementor-widget-text-editor\" data-id=\"273e286\" data-element_type=\"widget\" data-e-type=\"widget\" data-widget_type=\"text-editor.default\">\n\t\t\t\t<div class=\"elementor-widget-container\">\n\t\t\t\t\t\t\t\t\t<p>Die Vogesen sind ein ideales Reiseziel, um sich zu erholen, durchzuatmen und von vielf\u00e4ltigen Aktivit\u00e4ten in der Natur zu profitieren. Bei einem Aufenthalt in den <strong>Chalets der Domaine du Lac<\/strong>, Sie sind ideal gelegen, um die unumg\u00e4nglichen Sehensw\u00fcrdigkeiten der Region im Sommer wie im Winter zu entdecken.<\/p><p>Hier finden Sie unsere Ideen f\u00fcr Aktivit\u00e4ten und Ausfl\u00fcge rund um die Domaine du Lac, die Sie sich nicht entgehen lassen sollten.<\/p>\t\t\t\t\t\t\t\t<\/div>\n\t\t\t\t<\/div>\n\t\t\t\t\t<\/div>\n\t\t<\/div>\n\t\t\t\t<div class=\"elementor-column elementor-col-50 elementor-top-column elementor-element elementor-element-881135f\" data-id=\"881135f\" data-element_type=\"column\" data-e-type=\"column\">\n\t\t\t<div class=\"elementor-widget-wrap elementor-element-populated\">\n\t\t\t\t\t\t<div class=\"elementor-element elementor-element-f5fc0f6 elementor-widget elementor-widget-image\" data-id=\"f5fc0f6\" data-element_type=\"widget\" data-e-type=\"widget\" data-widget_type=\"image.default\">\n\t\t\t\t<div class=\"elementor-widget-container\">\n\t\t\t\t\t\t\t\t\t\t\t\t\t\t\t<img decoding=\"async\" width=\"1200\" height=\"900\" src=\"https:\/\/chaletsdomainedulac.com\/wp-content\/uploads\/2026\/01\/Domainedulac-printemps.webp\" class=\"attachment-full size-full wp-image-5134\" alt=\"Chalets Domainedulac: Ferienvermietung Vosges-Gerardmer\" srcset=\"https:\/\/chaletsdomainedulac.com\/wp-content\/uploads\/2026\/01\/Domainedulac-printemps.webp 1200w, https:\/\/chaletsdomainedulac.com\/wp-content\/uploads\/2026\/01\/Domainedulac-printemps-300x225.webp 300w, https:\/\/chaletsdomainedulac.com\/wp-content\/uploads\/2026\/01\/Domainedulac-printemps-1024x768.webp 1024w, https:\/\/chaletsdomainedulac.com\/wp-content\/uploads\/2026\/01\/Domainedulac-printemps-768x576.webp 768w, https:\/\/chaletsdomainedulac.com\/wp-content\/uploads\/2026\/01\/Domainedulac-printemps-16x12.webp 16w\" sizes=\"(max-width: 1200px) 100vw, 1200px\" \/>\t\t\t\t\t\t\t\t\t\t\t\t\t\t\t<\/div>\n\t\t\t\t<\/div>\n\t\t\t\t\t<\/div>\n\t\t<\/div>\n\t\t\t\t\t<\/div>\n\t\t<\/section>\n\t\t\t\t<section class=\"elementor-section elementor-top-section elementor-element elementor-element-f59dfe1 elementor-section-boxed elementor-section-height-default elementor-section-height-default\" data-id=\"f59dfe1\" data-element_type=\"section\" data-e-type=\"section\">\n\t\t\t\t\t\t<div class=\"elementor-container elementor-column-gap-default\">\n\t\t\t\t\t<div class=\"elementor-column elementor-col-100 elementor-top-column elementor-element elementor-element-963daff\" data-id=\"963daff\" data-element_type=\"column\" data-e-type=\"column\">\n\t\t\t<div class=\"elementor-widget-wrap\">\n\t\t\t\t\t\t\t<\/div>\n\t\t<\/div>\n\t\t\t\t\t<\/div>\n\t\t<\/section>\n\t\t\t\t<\/div>","protected":false},"excerpt":{"rendered":"<p>Le blog du Domaine du Lac &#8211; S\u00e9jours &amp; id\u00e9es d&rsquo;activit\u00e9s dans les Vosges Conseils, id\u00e9es de sorties et inspirations pour profiter pleinement de votre s\u00e9jour \u00e0 G\u00e9rardmer et autour de nos chalets. Janvier 2026 : Location de chalets dans les Vosges: bienvenue au Domaine du Lac S\u00e9jour nature, confort et d\u00e9tente au c\u0153ur des [&hellip;]<\/p>\n","protected":false},"author":7,"featured_media":0,"parent":0,"menu_order":0,"comment_status":"closed","ping_status":"closed","template":"","meta":{"footnotes":""},"class_list":["post-5546","page","type-page","status-publish","hentry"],"_links":{"self":[{"href":"https:\/\/chaletsdomainedulac.com\/de\/wp-json\/wp\/v2\/pages\/5546","targetHints":{"allow":["GET"]}}],"collection":[{"href":"https:\/\/chaletsdomainedulac.com\/de\/wp-json\/wp\/v2\/pages"}],"about":[{"href":"https:\/\/chaletsdomainedulac.com\/de\/wp-json\/wp\/v2\/types\/page"}],"author":[{"embeddable":true,"href":"https:\/\/chaletsdomainedulac.com\/de\/wp-json\/wp\/v2\/users\/7"}],"replies":[{"embeddable":true,"href":"https:\/\/chaletsdomainedulac.com\/de\/wp-json\/wp\/v2\/comments?post=5546"}],"version-history":[{"count":45,"href":"https:\/\/chaletsdomainedulac.com\/de\/wp-json\/wp\/v2\/pages\/5546\/revisions"}],"predecessor-version":[{"id":6069,"href":"https:\/\/chaletsdomainedulac.com\/de\/wp-json\/wp\/v2\/pages\/5546\/revisions\/6069"}],"wp:attachment":[{"href":"https:\/\/chaletsdomainedulac.com\/de\/wp-json\/wp\/v2\/media?parent=5546"}],"curies":[{"name":"wp","href":"https:\/\/api.w.org\/{rel}","templated":true}]}}