{"id":3187,"date":"2024-07-19T09:09:24","date_gmt":"2024-07-19T09:09:24","guid":{"rendered":"https:\/\/chaletsdomainedulac.com\/?page_id=3187"},"modified":"2026-01-25T11:29:00","modified_gmt":"2026-01-25T10:29:00","slug":"wasseraktivitaten-am-lac-de-longemer-2","status":"publish","type":"page","link":"https:\/\/chaletsdomainedulac.com\/de\/activites-nautiques-au-lac-de-longemer-2\/","title":{"rendered":"Ideen f\u00fcr Wassersportaktivit\u00e4ten am Lac de Longemer"},"content":{"rendered":"<style>.elementor-3187 .elementor-element.elementor-element-103b4c51 > .elementor-background-overlay{background-color:var( --e-global-color-d9725cf );opacity:0.4;transition:background 0.3s, border-radius 0.3s, opacity 0.3s;}.elementor-3187 .elementor-element.elementor-element-103b4c51{transition:background 0.3s, border 0.3s, border-radius 0.3s, box-shadow 0.3s;margin-top:0px;margin-bottom:0px;padding:18em 0em 9em 0em;}.elementor-3187 .elementor-element.elementor-element-44b112ad:not(.elementor-motion-effects-element-type-background) > .elementor-widget-wrap, .elementor-3187 .elementor-element.elementor-element-44b112ad > .elementor-widget-wrap > .elementor-motion-effects-container > .elementor-motion-effects-layer{background-color:#B8B8B800;}.elementor-3187 .elementor-element.elementor-element-44b112ad > .elementor-element-populated{transition:background 0.3s, border 0.3s, border-radius 0.3s, box-shadow 0.3s;margin:0px 0px 0px 0px;--e-column-margin-right:0px;--e-column-margin-left:0px;padding:0% 0% 0% 0%;}.elementor-3187 .elementor-element.elementor-element-44b112ad > .elementor-element-populated > .elementor-background-overlay{transition:background 0.3s, border-radius 0.3s, opacity 0.3s;}.elementor-3187 .elementor-element.elementor-element-5fbd2d2c{z-index:1;}.elementor-bc-flex-widget .elementor-3187 .elementor-element.elementor-element-18b43e61.elementor-column .elementor-widget-wrap{align-items:center;}.elementor-3187 .elementor-element.elementor-element-18b43e61.elementor-column.elementor-element[data-element_type=\"column\"] > .elementor-widget-wrap.elementor-element-populated{align-content:center;align-items:center;}.elementor-3187 .elementor-element.elementor-element-18b43e61:not(.elementor-motion-effects-element-type-background) > .elementor-widget-wrap, .elementor-3187 .elementor-element.elementor-element-18b43e61 > .elementor-widget-wrap > .elementor-motion-effects-container > .elementor-motion-effects-layer{background-color:#D08E0200;}.elementor-3187 .elementor-element.elementor-element-18b43e61 > .elementor-element-populated, .elementor-3187 .elementor-element.elementor-element-18b43e61 > .elementor-element-populated > .elementor-background-overlay, .elementor-3187 .elementor-element.elementor-element-18b43e61 > .elementor-background-slideshow{border-radius:10px 10px 10px 10px;}.elementor-3187 .elementor-element.elementor-element-18b43e61 > .elementor-element-populated{box-shadow:0px 0px 64px 0px rgba(0,0,0,0.5);transition:background 0.3s, border 0.3s, border-radius 0.3s, box-shadow 0.3s;margin:80px 0px 0px 0px;--e-column-margin-right:0px;--e-column-margin-left:0px;padding:2em 2em 2em 2em;}.elementor-3187 .elementor-element.elementor-element-18b43e61 > .elementor-element-populated > .elementor-background-overlay{transition:background 0.3s, border-radius 0.3s, opacity 0.3s;}.elementor-3187 .elementor-element.elementor-element-18b43e61.elementor-column > .elementor-element-populated::before{content:\"\";width:100%;height:100%;position:absolute;left:0;top:0;-webkit-backdrop-filter:blur(6.3px);backdrop-filter:blur(6.3px);border-radius:inherit;background-color:inherit;}.elementor-3187 .elementor-element.elementor-element-7a159ca{text-align:center;}.elementor-3187 .elementor-element.elementor-element-7a159ca .elementor-heading-title{font-size:47px;color:#FFFFFF;}.elementor-3187 .elementor-element.elementor-element-d0239d2{margin-top:75px;margin-bottom:75px;}.elementor-3187 .elementor-element.elementor-element-b85b916 > .elementor-widget-container{margin:0px 0px 0px 0px;}.elementor-3187 .elementor-element.elementor-element-2abb812c > .elementor-widget-container{margin:-15px 0px 0px 0px;}.elementor-3187 .elementor-element.elementor-element-63f0d33 > .elementor-widget-container{margin:-15px 0px 0px 0px;}.elementor-3187 .elementor-element.elementor-element-a3696d3 > .elementor-widget-container{margin:-15px 0px 0px 0px;}.elementor-3187 .elementor-element.elementor-element-b10c96e > .elementor-widget-container{margin:-15px 0px 0px 0px;}.elementor-3187 .elementor-element.elementor-element-ffbac0f > .elementor-widget-container{margin:-15px 0px 0px 0px;}.elementor-3187 .elementor-element.elementor-element-8058a6d > .elementor-widget-container{margin:-15px 0px 0px 0px;}.elementor-3187 .elementor-element.elementor-element-9307c47 .elementor-cta__content{text-align:center;}.elementor-3187 .elementor-element.elementor-element-9307c47 .elementor-cta__button{color:var( --e-global-color-e990a77 );background-color:var( --e-global-color-b8d5379 );}.elementor-3187 .elementor-element.elementor-element-9307c47 .elementor-cta .elementor-cta__bg, .elementor-3187 .elementor-element.elementor-element-9307c47 .elementor-cta .elementor-cta__bg-overlay{transition-duration:1500ms;}:root{--page-title-display:none;}@media(min-width:768px){.elementor-3187 .elementor-element.elementor-element-44b112ad{width:100%;}}@media(max-width:1024px){.elementor-3187 .elementor-element.elementor-element-103b4c51{margin-top:-399px;margin-bottom:29px;padding:18em 0em 0em 0em;}.elementor-3187 .elementor-element.elementor-element-44b112ad > .elementor-element-populated{padding:0px 10px 0px 10px;}}@media(max-width:767px){.elementor-3187 .elementor-element.elementor-element-103b4c51{margin-top:-432px;margin-bottom:0px;padding:27em 0em 5em 0em;}}<\/style>\t\t<div data-elementor-type=\"wp-page\" data-elementor-id=\"3187\" class=\"elementor elementor-3187\" data-elementor-post-type=\"page\">\n\t\t\t\t\t\t<section class=\"elementor-section elementor-top-section elementor-element elementor-element-103b4c51 elementor-section-full_width elementor-section-height-default elementor-section-height-default\" data-id=\"103b4c51\" data-element_type=\"section\" data-e-type=\"section\" data-settings=\"{&quot;background_background&quot;:&quot;slideshow&quot;,&quot;background_slideshow_gallery&quot;:[{&quot;id&quot;:4568,&quot;url&quot;:&quot;https:\\\/\\\/chaletsdomainedulac.com\\\/wp-content\\\/uploads\\\/2025\\\/12\\\/Chalets-Domainedulac-Vosges.jpg&quot;},{&quot;id&quot;:4583,&quot;url&quot;:&quot;https:\\\/\\\/chaletsdomainedulac.com\\\/wp-content\\\/uploads\\\/2025\\\/12\\\/Chalets-Domainedulac-Gerardmer.jpeg&quot;},{&quot;id&quot;:5134,&quot;url&quot;:&quot;https:\\\/\\\/chaletsdomainedulac.com\\\/wp-content\\\/uploads\\\/2026\\\/01\\\/Domainedulac-printemps.webp&quot;},{&quot;id&quot;:4590,&quot;url&quot;:&quot;https:\\\/\\\/chaletsdomainedulac.com\\\/wp-content\\\/uploads\\\/2025\\\/12\\\/Pistes-ski-Gerardmer.jpeg&quot;}],&quot;background_slideshow_loop&quot;:&quot;yes&quot;,&quot;background_slideshow_slide_duration&quot;:5000,&quot;background_slideshow_slide_transition&quot;:&quot;fade&quot;,&quot;background_slideshow_transition_duration&quot;:500}\">\n\t\t\t\t\t\t\t<div class=\"elementor-background-overlay\"><\/div>\n\t\t\t\t\t\t\t<div class=\"elementor-container elementor-column-gap-no\">\n\t\t\t\t\t<div class=\"elementor-column elementor-col-100 elementor-top-column elementor-element elementor-element-44b112ad\" data-id=\"44b112ad\" data-element_type=\"column\" data-e-type=\"column\" data-settings=\"{&quot;background_background&quot;:&quot;classic&quot;}\">\n\t\t\t<div class=\"elementor-widget-wrap elementor-element-populated\">\n\t\t\t\t\t\t<section class=\"elementor-section elementor-inner-section elementor-element elementor-element-5fbd2d2c elementor-section-full_width elementor-section-height-default elementor-section-height-default\" data-id=\"5fbd2d2c\" data-element_type=\"section\" data-e-type=\"section\">\n\t\t\t\t\t\t<div class=\"elementor-container elementor-column-gap-no\">\n\t\t\t\t\t<div class=\"elementor-column elementor-col-100 elementor-inner-column elementor-element elementor-element-18b43e61\" data-id=\"18b43e61\" data-element_type=\"column\" data-e-type=\"column\" data-settings=\"{&quot;background_background&quot;:&quot;classic&quot;}\">\n\t\t\t<div class=\"elementor-widget-wrap elementor-element-populated\">\n\t\t\t\t\t\t<div class=\"elementor-element elementor-element-7a159ca elementor-widget elementor-widget-heading\" data-id=\"7a159ca\" data-element_type=\"widget\" data-e-type=\"widget\" data-widget_type=\"heading.default\">\n\t\t\t\t<div class=\"elementor-widget-container\">\n\t\t\t\t\t<div class=\"elementor-heading-title elementor-size-default\">Id\u00e9es d'activit\u00e9s nautiques au Lac de Longemer<\/div>\t\t\t\t<\/div>\n\t\t\t\t<\/div>\n\t\t\t\t\t<\/div>\n\t\t<\/div>\n\t\t\t\t\t<\/div>\n\t\t<\/section>\n\t\t\t\t\t<\/div>\n\t\t<\/div>\n\t\t\t\t\t<\/div>\n\t\t<\/section>\n\t\t\t\t<section class=\"elementor-section elementor-top-section elementor-element elementor-element-cc29e4d elementor-section-boxed elementor-section-height-default elementor-section-height-default\" data-id=\"cc29e4d\" data-element_type=\"section\" data-e-type=\"section\">\n\t\t\t\t\t\t<div class=\"elementor-container elementor-column-gap-default\">\n\t\t\t\t\t<div class=\"elementor-column elementor-col-100 elementor-top-column elementor-element elementor-element-4e7491b\" data-id=\"4e7491b\" data-element_type=\"column\" data-e-type=\"column\">\n\t\t\t<div class=\"elementor-widget-wrap\">\n\t\t\t\t\t\t\t<\/div>\n\t\t<\/div>\n\t\t\t\t\t<\/div>\n\t\t<\/section>\n\t\t\t\t<section class=\"elementor-section elementor-top-section elementor-element elementor-element-4f8a01d elementor-section-boxed elementor-section-height-default elementor-section-height-default\" data-id=\"4f8a01d\" data-element_type=\"section\" data-e-type=\"section\">\n\t\t\t\t\t\t<div class=\"elementor-container elementor-column-gap-default\">\n\t\t\t\t\t<div class=\"elementor-column elementor-col-100 elementor-top-column elementor-element elementor-element-f4b456c\" data-id=\"f4b456c\" data-element_type=\"column\" data-e-type=\"column\">\n\t\t\t<div class=\"elementor-widget-wrap elementor-element-populated\">\n\t\t\t\t\t\t<div class=\"elementor-element elementor-element-43f3255 elementor-align-center elementor-widget elementor-widget-button\" data-id=\"43f3255\" data-element_type=\"widget\" data-e-type=\"widget\" data-widget_type=\"button.default\">\n\t\t\t\t<div class=\"elementor-widget-container\">\n\t\t\t\t\t\t\t\t\t<div class=\"elementor-button-wrapper\">\n\t\t\t\t\t<a class=\"elementor-button elementor-button-link elementor-size-sm\" href=\"https:\/\/chaletsdomainedulac.com\">\n\t\t\t\t\t\t<span class=\"elementor-button-content-wrapper\">\n\t\t\t\t\t\t\t\t\t<span class=\"elementor-button-text\">R\u00e9servez votre s\u00e9jour pr\u00e8s des lacs<\/span>\n\t\t\t\t\t<\/span>\n\t\t\t\t\t<\/a>\n\t\t\t\t<\/div>\n\t\t\t\t\t\t\t\t<\/div>\n\t\t\t\t<\/div>\n\t\t\t\t\t<\/div>\n\t\t<\/div>\n\t\t\t\t\t<\/div>\n\t\t<\/section>\n\t\t\t\t<section class=\"elementor-section elementor-top-section elementor-element elementor-element-d0239d2 elementor-section-boxed elementor-section-height-default elementor-section-height-default\" data-id=\"d0239d2\" data-element_type=\"section\" data-e-type=\"section\">\n\t\t\t\t\t\t<div class=\"elementor-container elementor-column-gap-default\">\n\t\t\t\t\t<div class=\"elementor-column elementor-col-100 elementor-top-column elementor-element elementor-element-6b7d2972\" data-id=\"6b7d2972\" data-element_type=\"column\" data-e-type=\"column\">\n\t\t\t<div class=\"elementor-widget-wrap elementor-element-populated\">\n\t\t\t\t\t\t<div class=\"elementor-element elementor-element-8afefcd elementor-widget elementor-widget-heading\" data-id=\"8afefcd\" data-element_type=\"widget\" data-e-type=\"widget\" data-widget_type=\"heading.default\">\n\t\t\t\t<div class=\"elementor-widget-container\">\n\t\t\t\t\t<h1 class=\"elementor-heading-title elementor-size-default\"><h2>Les Activit\u00e9s Nautiques autour du Lac de Longemer<\/h2><\/h1>\t\t\t\t<\/div>\n\t\t\t\t<\/div>\n\t\t\t\t<div class=\"elementor-element elementor-element-42600f8 elementor-widget elementor-widget-image\" data-id=\"42600f8\" data-element_type=\"widget\" data-e-type=\"widget\" data-widget_type=\"image.default\">\n\t\t\t\t<div class=\"elementor-widget-container\">\n\t\t\t\t\t\t\t\t\t\t\t\t\t\t\t<img decoding=\"async\" src=\"https:\/\/chaletsdomainedulac.com\/wp-content\/uploads\/elementor\/thumbs\/Design-sans-titre-2-rhbegd6xoxsx4apzpvwm02am4x8mvlcxgfoppky80g.jpg\" title=\"Design sans titre (2)\" alt=\"Design sans titre (2)\" loading=\"lazy\" \/>\t\t\t\t\t\t\t\t\t\t\t\t\t\t\t<\/div>\n\t\t\t\t<\/div>\n\t\t\t\t<div class=\"elementor-element elementor-element-b85b916 elementor-widget elementor-widget-text-editor\" data-id=\"b85b916\" data-element_type=\"widget\" data-e-type=\"widget\" data-widget_type=\"text-editor.default\">\n\t\t\t\t<div class=\"elementor-widget-container\">\n\t\t\t\t\t\t\t\t\t<figure class=\"wp-block-gallery has-nested-images columns-default is-cropped\"><figure class=\"wp-block-image size-large\"><\/figure><\/figure><p>Le lac de Longemer, nich\u00e9 au c\u0153ur des montagnes et des for\u00eats des Vosges, est une destination id\u00e9ale pour les amateurs de sports nautiques et de loisirs aquatiques. Ce cadre naturel exceptionnel offre une multitude d&rsquo;activit\u00e9s pour tous les \u00e2ges et tous les go\u00fbts. Voici un aper\u00e7u des activit\u00e9s nautiques incontournables \u00e0 Longemer, o\u00f9 sont nich\u00e9s nos <a href=\"https:\/\/chaletsdomainedulac.com\">chalets de 1 \u00e0 12 personnes<\/a>.<\/p>\t\t\t\t\t\t\t\t<\/div>\n\t\t\t\t<\/div>\n\t\t\t\t<div class=\"elementor-element elementor-element-2abb812c elementor-widget elementor-widget-text-editor\" data-id=\"2abb812c\" data-element_type=\"widget\" data-e-type=\"widget\" data-widget_type=\"text-editor.default\">\n\t\t\t\t<div class=\"elementor-widget-container\">\n\t\t\t\t\t\t\t\t\t<figure class=\"wp-block-gallery has-nested-images columns-default is-cropped\"><figure class=\"wp-block-image size-large\"><\/figure><\/figure><h4 class=\"wp-block-heading\"><strong>La Baignade<br \/><\/strong><\/h4><p>En \u00e9t\u00e9, le lac de Longemer devient un lieu pris\u00e9 pour la baignade. Ses eaux claires et rafra\u00eechissantes attirent les visiteurs en qu\u00eate de d\u00e9tente et de rafra\u00eechissement. Les plages am\u00e9nag\u00e9es autour du lac sont parfaites pour se pr\u00e9lasser au soleil, tandis que les zones de baignade surveill\u00e9es offrent une s\u00e9curit\u00e9 suppl\u00e9mentaire pour les familles avec enfants. Que vous souhaitiez nager ou simplement vous d\u00e9tendre au bord de l&rsquo;eau, le lac de Longemer est l&rsquo;endroit id\u00e9al pour passer une journ\u00e9e ensoleill\u00e9e.<\/p><ul><li><strong>Points forts :<\/strong> Eaux claires, plages am\u00e9nag\u00e9es, zones de baignade surveill\u00e9es<\/li><li><strong>Conseil :<\/strong> Apportez un pique-nique pour profiter d&rsquo;une journ\u00e9e compl\u00e8te au bord du lac<\/li><\/ul>\t\t\t\t\t\t\t\t<\/div>\n\t\t\t\t<\/div>\n\t\t\t\t<div class=\"elementor-element elementor-element-63f0d33 elementor-widget elementor-widget-text-editor\" data-id=\"63f0d33\" data-element_type=\"widget\" data-e-type=\"widget\" data-widget_type=\"text-editor.default\">\n\t\t\t\t<div class=\"elementor-widget-container\">\n\t\t\t\t\t\t\t\t\t<figure class=\"wp-block-gallery has-nested-images columns-default is-cropped\"><figure class=\"wp-block-image size-large\"><\/figure><\/figure><h4 class=\"wp-block-heading\"><strong style=\"color: var( --e-global-color-d9725cf );\">Le Kayak et le Cano\u00eb<br \/><\/strong><\/h4><p>Louez un kayak ou un cano\u00eb et partez explorer le lac \u00e0 votre rythme. Cette activit\u00e9 amusante et sportive vous permet de d\u00e9couvrir le lac sous un nouvel angle. Pagayez le long des rives, explorez les petites criques cach\u00e9es et admirez la beaut\u00e9 naturelle qui vous entoure. Le calme des eaux du lac de Longemer en fait un lieu id\u00e9al pour une sortie en kayak ou en cano\u00eb, que vous soyez d\u00e9butant ou exp\u00e9riment\u00e9.<\/p><ul><li><strong>Points forts :<\/strong> Exploration du lac, activit\u00e9 sportive, accessible \u00e0 tous<\/li><li><strong>Conseil :<\/strong> Louez votre \u00e9quipement \u00e0 l&rsquo;avance pendant les p\u00e9riodes de forte affluence<\/li><\/ul>\t\t\t\t\t\t\t\t<\/div>\n\t\t\t\t<\/div>\n\t\t\t\t<div class=\"elementor-element elementor-element-a3696d3 elementor-widget elementor-widget-text-editor\" data-id=\"a3696d3\" data-element_type=\"widget\" data-e-type=\"widget\" data-widget_type=\"text-editor.default\">\n\t\t\t\t<div class=\"elementor-widget-container\">\n\t\t\t\t\t\t\t\t\t<figure class=\"wp-block-gallery has-nested-images columns-default is-cropped\"><figure class=\"wp-block-image size-large\"><\/figure><\/figure><h4 class=\"wp-block-heading\"><strong>Le Paddle<\/strong><\/h4><p>Le stand-up paddle est une activit\u00e9 de plus en plus populaire au lac de Longemer. C&rsquo;est une excellente mani\u00e8re de travailler votre \u00e9quilibre tout en profitant de la beaut\u00e9 du lac. Debout sur votre planche, pagayez tranquillement sur les eaux calmes et admirez les paysages environnants. Que vous soyez novice ou exp\u00e9riment\u00e9, le paddle est une activit\u00e9 relaxante et plaisante qui vous permet de vous connecter \u00e0 la nature.<\/p><ul><li><strong>Points forts :<\/strong> Travail de l&rsquo;\u00e9quilibre, vue panoramique, activit\u00e9 relaxante<\/li><li><strong>Conseil :<\/strong> Portez un gilet de sauvetage pour plus de s\u00e9curit\u00e9, surtout si vous d\u00e9butez<\/li><\/ul>\t\t\t\t\t\t\t\t<\/div>\n\t\t\t\t<\/div>\n\t\t\t\t<div class=\"elementor-element elementor-element-b10c96e elementor-widget elementor-widget-text-editor\" data-id=\"b10c96e\" data-element_type=\"widget\" data-e-type=\"widget\" data-widget_type=\"text-editor.default\">\n\t\t\t\t<div class=\"elementor-widget-container\">\n\t\t\t\t\t\t\t\t\t<figure class=\"wp-block-gallery has-nested-images columns-default is-cropped\"><figure class=\"wp-block-image size-large\"><\/figure><\/figure><h4 class=\"wp-block-heading\"><strong style=\"color: var( --e-global-color-d9725cf );\">La P\u00eache<\/strong><\/h4><p>Le lac de Longemer est \u00e9galement un lieu de pr\u00e9dilection pour les p\u00eacheurs. Ses eaux regorgent de truites, de brochets et d&rsquo;autres esp\u00e8ces locales, offrant des opportunit\u00e9s de p\u00eache exceptionnelles. Que vous soyez un p\u00eacheur passionn\u00e9 ou un amateur occasionnel, vous appr\u00e9cierez la tranquillit\u00e9 et la beaut\u00e9 du lac. Assurez-vous simplement d&rsquo;avoir un permis de p\u00eache avant de lancer votre ligne.<\/p><ul><li><strong>Points forts :<\/strong> Richesse en poissons, tranquillit\u00e9, beaut\u00e9 naturelle<\/li><li><strong>Conseil :<\/strong> Renseignez-vous sur les r\u00e9glementations locales et les p\u00e9riodes de p\u00eache autoris\u00e9es<\/li><\/ul>\t\t\t\t\t\t\t\t<\/div>\n\t\t\t\t<\/div>\n\t\t\t\t<div class=\"elementor-element elementor-element-ffbac0f elementor-widget elementor-widget-text-editor\" data-id=\"ffbac0f\" data-element_type=\"widget\" data-e-type=\"widget\" data-widget_type=\"text-editor.default\">\n\t\t\t\t<div class=\"elementor-widget-container\">\n\t\t\t\t\t\t\t\t\t<figure class=\"wp-block-gallery has-nested-images columns-default is-cropped\"><figure class=\"wp-block-image size-large\"><\/figure><\/figure><h4 class=\"wp-block-heading\"><strong>Les P\u00e9dalos<\/strong><\/h4><div><p>Pour une activit\u00e9 plus d\u00e9tendue, louez un p\u00e9dalo et profitez du lac en famille ou entre amis. C&rsquo;est une mani\u00e8re agr\u00e9able de passer un apr\u00e8s-midi tout en admirant les paysages environnants. Les p\u00e9dalos sont faciles \u00e0 man\u0153uvrer et offrent une exp\u00e9rience ludique pour tous les \u00e2ges. Profitez de la vue, respirez l&rsquo;air frais et laissez-vous bercer par le doux mouvement de l&rsquo;eau.<\/p><ul><li><strong>Points forts :<\/strong> Activit\u00e9 familiale, d\u00e9tente, vues panoramiques<\/li><li><strong>Conseil :<\/strong> Portez des v\u00eatements confortables et apportez de la cr\u00e8me solaire pour vous prot\u00e9ger<\/li><\/ul><\/div>\t\t\t\t\t\t\t\t<\/div>\n\t\t\t\t<\/div>\n\t\t\t\t<div class=\"elementor-element elementor-element-8058a6d elementor-widget elementor-widget-text-editor\" data-id=\"8058a6d\" data-element_type=\"widget\" data-e-type=\"widget\" data-widget_type=\"text-editor.default\">\n\t\t\t\t<div class=\"elementor-widget-container\">\n\t\t\t\t\t\t\t\t\t<figure class=\"wp-block-gallery has-nested-images columns-default is-cropped\"><figure class=\"wp-block-image size-large\"><\/figure><\/figure><h4 class=\"wp-block-heading\"><strong>Conclusion<\/strong><\/h4><div><p>Le lac de Longemer offre une multitude d\u2019activit\u00e9s nautiques pour tous les go\u00fbts. Que vous aimiez la baignade, le kayak, le paddle, la p\u00eache ou les balades en p\u00e9dalo, vous trouverez de quoi satisfaire toutes vos envies dans ce cadre enchanteur. Apr\u00e8s une journ\u00e9e bien remplie, retournez vous reposer dans l\u2019un de nos chalets confortables et profitez de la s\u00e9r\u00e9nit\u00e9 des Vosges. Planifiez votre visite d\u00e8s maintenant et d\u00e9couvrez tout ce que le lac de Longemer a \u00e0 offrir.<\/p><\/div>\t\t\t\t\t\t\t\t<\/div>\n\t\t\t\t<\/div>\n\t\t\t\t\t<\/div>\n\t\t<\/div>\n\t\t\t\t\t<\/div>\n\t\t<\/section>\n\t\t\t\t<section class=\"elementor-section elementor-top-section elementor-element elementor-element-de4ee3c elementor-section-boxed elementor-section-height-default elementor-section-height-default\" data-id=\"de4ee3c\" data-element_type=\"section\" data-e-type=\"section\">\n\t\t\t\t\t\t<div class=\"elementor-container elementor-column-gap-default\">\n\t\t\t\t\t<div class=\"elementor-column elementor-col-100 elementor-top-column elementor-element elementor-element-7a0a63c\" data-id=\"7a0a63c\" data-element_type=\"column\" data-e-type=\"column\">\n\t\t\t<div class=\"elementor-widget-wrap elementor-element-populated\">\n\t\t\t\t\t\t<div class=\"elementor-element elementor-element-9307c47 elementor-cta--skin-classic elementor-animated-content elementor-bg-transform elementor-bg-transform-zoom-in elementor-widget elementor-widget-call-to-action\" data-id=\"9307c47\" data-element_type=\"widget\" data-e-type=\"widget\" data-widget_type=\"call-to-action.default\">\n\t\t\t\t<div class=\"elementor-widget-container\">\n\t\t\t\t\t\t\t<div class=\"elementor-cta\">\n\t\t\t\t\t<div class=\"elementor-cta__bg-wrapper\">\n\t\t\t\t<div class=\"elementor-cta__bg elementor-bg\" style=\"background-image: url(https:\/\/chaletsdomainedulac.com\/wp-content\/uploads\/2025\/12\/Chalets-Domainedulac-Vosges-1024x683.jpg);\" role=\"img\" aria-label=\"Lac de G\u00e9rardmer au printemps\"><\/div>\n\t\t\t\t<div class=\"elementor-cta__bg-overlay\"><\/div>\n\t\t\t<\/div>\n\t\t\t\t\t\t\t<div class=\"elementor-cta__content\">\n\t\t\t\t\n\t\t\t\t\t\t\t\t\t<div class=\"elementor-cta__title elementor-cta__content-item elementor-content-item\">\n\t\t\t\t\t\tNos chalets \u00e0 proximit\u00e9 des lacs \t\t\t\t\t<\/div>\n\t\t\t\t\n\t\t\t\t\t\t\t\t\t<div class=\"elementor-cta__description elementor-cta__content-item elementor-content-item\">\n\t\t\t\t\t\tD\u00e9couvrez nos chalets cosy et familiaux, \u00e0 proximit\u00e9 des lacs de Longemer et de G\u00e9rardmer, de 1 \u00e0 12 personnes\t\t\t\t\t<\/div>\n\t\t\t\t\n\t\t\t\t\t\t\t\t\t<div class=\"elementor-cta__button-wrapper elementor-cta__content-item elementor-content-item \">\n\t\t\t\t\t<a class=\"elementor-cta__button elementor-button elementor-size-\" href=\"https:\/\/chaletsdomainedulac.com\/reservations\/\">\n\t\t\t\t\t\tC'EST ICI\t\t\t\t\t<\/a>\n\t\t\t\t\t<\/div>\n\t\t\t\t\t\t\t<\/div>\n\t\t\t\t\t\t<\/div>\n\t\t\t\t\t\t<\/div>\n\t\t\t\t<\/div>\n\t\t\t\t\t<\/div>\n\t\t<\/div>\n\t\t\t\t\t<\/div>\n\t\t<\/section>\n\t\t\t\t<\/div>\n\t\t","protected":false},"excerpt":{"rendered":"<p>Id\u00e9es d&rsquo;activit\u00e9s nautiques au Lac de Longemer R\u00e9servez votre s\u00e9jour pr\u00e8s des lacs Les Activit\u00e9s Nautiques autour du Lac de Longemer Le lac de Longemer, nich\u00e9 au c\u0153ur des montagnes et des for\u00eats des Vosges, est une destination id\u00e9ale pour les amateurs de sports nautiques et de loisirs aquatiques. Ce cadre naturel exceptionnel offre une [&hellip;]<\/p>\n","protected":false},"author":8,"featured_media":0,"parent":0,"menu_order":0,"comment_status":"closed","ping_status":"closed","template":"","meta":{"footnotes":""},"class_list":["post-3187","page","type-page","status-publish","hentry"],"_links":{"self":[{"href":"https:\/\/chaletsdomainedulac.com\/de\/wp-json\/wp\/v2\/pages\/3187","targetHints":{"allow":["GET"]}}],"collection":[{"href":"https:\/\/chaletsdomainedulac.com\/de\/wp-json\/wp\/v2\/pages"}],"about":[{"href":"https:\/\/chaletsdomainedulac.com\/de\/wp-json\/wp\/v2\/types\/page"}],"author":[{"embeddable":true,"href":"https:\/\/chaletsdomainedulac.com\/de\/wp-json\/wp\/v2\/users\/8"}],"replies":[{"embeddable":true,"href":"https:\/\/chaletsdomainedulac.com\/de\/wp-json\/wp\/v2\/comments?post=3187"}],"version-history":[{"count":35,"href":"https:\/\/chaletsdomainedulac.com\/de\/wp-json\/wp\/v2\/pages\/3187\/revisions"}],"predecessor-version":[{"id":5677,"href":"https:\/\/chaletsdomainedulac.com\/de\/wp-json\/wp\/v2\/pages\/3187\/revisions\/5677"}],"wp:attachment":[{"href":"https:\/\/chaletsdomainedulac.com\/de\/wp-json\/wp\/v2\/media?parent=3187"}],"curies":[{"name":"wp","href":"https:\/\/api.w.org\/{rel}","templated":true}]}}